{"id":49,"date":"2022-07-18T13:15:43","date_gmt":"2022-07-18T13:15:43","guid":{"rendered":"https:\/\/loja.tectur.pt\/?page_id=49"},"modified":"2022-07-18T13:15:43","modified_gmt":"2022-07-18T13:15:43","slug":"termos-e-condicoes","status":"publish","type":"page","link":"https:\/\/loja.tectur.pt\/?page_id=49","title":{"rendered":"Termos e Condi\u00e7\u00f5es"},"content":{"rendered":"\n<p class=\"has-huge-font-size\">Envios e Entregas<\/p>\n\n\n\n<p>Todas as compras efetuadas ser-lhe-\u00e3o entregues por correio ou transportadora, ap\u00f3s confirma\u00e7\u00e3o da disponibilidade do mesmo.<\/p>\n\n\n\n<p>Quando efetuar uma compra na nossa loja e caso o produto se encontre em stock, ser\u00e1 feito o procedimento de entrega. A entrega por transportadora poder\u00e1 demorar entre 1 a 7 dias, salvo rutura de stock, onde neste caso o cliente ser\u00e1 avisado.<\/p>\n\n\n\n<p class=\"has-huge-font-size\">Termos e Condi\u00e7\u00f5es de Utiliza\u00e7\u00e3o<\/p>\n\n\n\n<p>Os pre\u00e7os assinalados junto de cada produto, j\u00e1 incluem IVA \u00e0 taxa em vigor. Em caso de envio, os pre\u00e7os s\u00e3o acrescidos dos respetivos portes.<\/p>\n\n\n\n<p>As descri\u00e7\u00f5es e imagens na apresenta\u00e7\u00e3o dos artigos s\u00e3o meramente informativas,.<\/p>\n\n\n\n<p>A Tectur reserva-se o direito de alterar sem pr\u00e9vio aviso os pre\u00e7os, portes, ou quaisquer outros valores assinalados neste site, bem como, as fotos, descri\u00e7\u00e3o, ou natureza dos artigos, sempre que se verifiquem altera\u00e7\u00f5es da mesma natureza.<\/p>\n\n\n\n<p>Ao efetuar o seu pedido tenha em aten\u00e7\u00e3o as instru\u00e7\u00f5es e informa\u00e7\u00f5es seguintes, pois a sua encomenda pressup\u00f5e o total conhecimento e aceita\u00e7\u00e3o das condi\u00e7\u00f5es de venda abaixo expressas :<\/p>\n\n\n\n<p>I. Ao registar-se, o utilizador fica a dispor de v\u00e1rias vantagens e habilitado a participar nas promo\u00e7\u00f5es Tectur. Assim, pode receber, periodicamente, no seu e-mail, informa\u00e7\u00f5es gr\u00e1tis sobre produtos e\/ou novidades.<\/p>\n\n\n\n<p>II. Tectur assume o compromisso de privacidade e seguran\u00e7a dos seus dados pessoais e garante que estes ser\u00e3o apenas usados no \u00e2mbito do processamento de encomendas, envio de novidades e divulga\u00e7\u00e3o de produtos.<\/p>\n\n\n\n<p>III. Todos os dados pessoais recolhidos pelo nosso site destinam-se exclusivamente ao uso comercial da nossa empresa, n\u00e3o sendo, em caso algum, disponibilizados a terceiros.<\/p>\n\n\n\n<p>IV. Todas as compras efetuadas ser-lhe-\u00e3o entregues por correio ou transportadora, ap\u00f3s confirma\u00e7\u00e3o da disponibilidade do mesmo.<\/p>\n\n\n\n<p>GARANTIAS:<\/p>\n\n\n\n<p>Os produtos vendidos atrav\u00e9s da Loja Tectur est\u00e3o cobertos por uma garantia de 3 anos contra defeitos de fabrico, que poder\u00e1 ser alargada conforme o fabricante. Os artigos usados t\u00eam garantia de 18 meses.<\/p>\n\n\n\n<p>Caso um produto danificado ou este avarie dentro da garantia deve:<\/p>\n\n\n\n<p>Contactar de imediato a loja Tectur via e-mail Tectur@tectur.pt, fundamentando a situa\u00e7\u00e3o;<\/p>\n\n\n\n<p>As devolu\u00e7\u00f5es devem ser feitas at\u00e9&nbsp;14 dias ap\u00f3s a data de entrega, e livres de quaisquer encargos para a Tectur;<\/p>\n\n\n\n<p>Os artigos\/materiais devem ser devolvidos na embalagem original e nas mesmas condi\u00e7\u00f5es nas quais foi vendido. Posteriormente ser\u00e1 substitu\u00eddo ou devolvido o valor do produto (os portes de reenvio s\u00e3o de inteira responsabilidade do cliente).<\/p>\n\n\n\n<p class=\"has-huge-font-size\">Reclama\u00e7\u00f5es<\/p>\n\n\n\n<p>Para qualquer reclama\u00e7\u00e3o por favor entrar em contacto pelo telefone +351 911 835 312, ou pelo e-mail tectur@tectur.pt.<\/p>\n","protected":false},"excerpt":{"rendered":"<p>Envios e Entregas Todas as compras efetuadas ser-lhe-\u00e3o entregues por correio ou transportadora, ap\u00f3s confirma\u00e7\u00e3o da disponibilidade do mesmo. Quando efetuar uma compra na nossa loja e caso o produto se encontre em stock, ser\u00e1 feito o procedimento de entrega. A entrega por transportadora poder\u00e1 demorar entre 1 a 7 dias, salvo rutura de stock, [&hellip;]<\/p>\n","protected":false},"author":1,"featured_media":0,"parent":0,"menu_order":0,"comment_status":"closed","ping_status":"closed","template":"","meta":{"footnotes":""},"class_list":["post-49","page","type-page","status-publish","hentry"],"jetpack_sharing_enabled":true,"jetpack_likes_enabled":true,"_links":{"self":[{"href":"https:\/\/loja.tectur.pt\/index.php?rest_route=\/wp\/v2\/pages\/49","targetHints":{"allow":["GET"]}}],"collection":[{"href":"https:\/\/loja.tectur.pt\/index.php?rest_route=\/wp\/v2\/pages"}],"about":[{"href":"https:\/\/loja.tectur.pt\/index.php?rest_route=\/wp\/v2\/types\/page"}],"author":[{"embeddable":true,"href":"https:\/\/loja.tectur.pt\/index.php?rest_route=\/wp\/v2\/users\/1"}],"replies":[{"embeddable":true,"href":"https:\/\/loja.tectur.pt\/index.php?rest_route=%2Fwp%2Fv2%2Fcomments&post=49"}],"version-history":[{"count":6,"href":"https:\/\/loja.tectur.pt\/index.php?rest_route=\/wp\/v2\/pages\/49\/revisions"}],"predecessor-version":[{"id":57,"href":"https:\/\/loja.tectur.pt\/index.php?rest_route=\/wp\/v2\/pages\/49\/revisions\/57"}],"wp:attachment":[{"href":"https:\/\/loja.tectur.pt\/index.php?rest_route=%2Fwp%2Fv2%2Fmedia&parent=49"}],"curies":[{"name":"wp","href":"https:\/\/api.w.org\/{rel}","templated":true}]}}