{"id":109,"date":"2022-09-14T11:18:53","date_gmt":"2022-09-14T11:18:53","guid":{"rendered":"https:\/\/loja.tectur.pt\/?post_type=product&#038;p=109"},"modified":"2026-01-25T14:14:10","modified_gmt":"2026-01-25T14:14:10","slug":"tablet-navegacao-off-road-nav2-rugged","status":"publish","type":"product","link":"https:\/\/loja.tectur.pt\/?product=tablet-navegacao-off-road-nav2-rugged","title":{"rendered":"Navega\u00e7\u00e3o Off Road Nav2 Rugged"},"content":{"rendered":"<p><strong>Completamente configurado para navega\u00e7\u00e3o fora de estrada e adaptado a condu\u00e7\u00e3o, este ser\u00e1 o seu GPS de elei\u00e7\u00e3o, esteja a viajar por estradas de alcatr\u00e3o ou por estradas de terra. Totalmente Offline (n\u00e3o necessita de internet para navega\u00e7\u00e3o), pontos de interesse variados e pronto a usar.<\/strong><\/p>\n<p><strong>Ter\u00e1 indica\u00e7\u00f5es por voz e visuais (tipo Roadbook), mesmo em rotas de terra, criadas por si, ou tiradas de outro local.<\/strong><\/p>\n<p><strong>Este Samsung com norma IP68 e com certifica\u00e7\u00e3o pelo exercito americano, \u00e9 resistente \u00e0 \u00e1gua, poeira e quedas, temperaturas altas e baixas. Um dos equipamentos mais resistentes, com este Samsung poder\u00e1 ir a qualquer zona do globo e manter a sua navega\u00e7\u00e3o fora de estrada sem problemas.<\/strong><\/p>\n<h2><\/h2>\n<h2 style=\"text-align: center;\"><strong><u>Aplica\u00e7\u00f5es Pr\u00e9-instaladas e completamente configuradas<\/u><\/strong><strong><u>:<\/u><\/strong><\/h2>\n<p><strong>Launcher para Autom\u00f3vel (ecr\u00e3 simplificado e ajustado para condu\u00e7\u00e3o)<\/strong><\/p>\n<p><strong>LocusMap 4 totalmente configurado (com mapas Offline)<\/strong><\/p>\n<p><strong>OsmAnd+ totalmente configurado (com mapas Offline)<\/strong><\/p>\n<p><strong>HERE We go (com mapas offline)<\/strong><\/p>\n<p><strong>iOverlander<\/strong><\/p>\n<p><strong>Park4night<\/strong><\/p>\n<p><strong>Wase<\/strong><\/p>\n<p><strong>Google Maps<\/strong><\/p>\n<p><strong><u>Mapas Offline:<\/u><\/strong><\/p>\n<p><strong>Nas aplica\u00e7\u00f5es que d\u00e1, ir\u00e1 mapas que n\u00e3o necessitam de internet para serem usados (offline) de Portugal e Espanha, se quiser mais pa\u00edses por favor a quando da compra referir ou enviar por correio eletr\u00f3nico para <\/strong><a href=\"mailto:Tectur@tectur.pt\"><strong>Tectur@tectur.pt<\/strong><\/a><strong> a referir os pa\u00edses que quer (sem custos).<\/strong><\/p>\n<p>&nbsp;<\/p>\n<h2 style=\"text-align: center;\"><strong>Uma experi\u00eancia melhorada semelhante a um PC com Samsung DeX<\/strong><\/h2>\n<p><strong>O Samsung DeX permite-lhe ligar e usar dois ecr\u00e3s diferentes, para que possa trabalhar com mais efici\u00eancia.<\/strong><\/p>\n<p><strong>Ligue o tablet a um monitor* e crie rotas nas app pr\u00e9-instaladas, enquanto verifica outros mapas no outro, ou ligue-se sem fios a uma smart TV** e fa\u00e7a apresenta\u00e7\u00f5es impressionantes veja as suas fotos e v\u00eddeos das viagens.<\/strong><\/p>\n<h6><strong>*\u00c9 necess\u00e1rio um cabo USB-C para HDMI para ligar o Galaxy Tab Active3 a um monitor. Adaptador USB-C para HDMI e acess\u00f3rios vendidos separadamente. <\/strong><\/h6>\n<p><strong>**Liga\u00e7\u00e3o sem fios Samsung DeX dispon\u00edvel apenas com TV que suportam o espelhamento do ecr\u00e3 de smartphones Android, Poder\u00e3o haver diferen\u00e7as no desempenho, dependendo das especifica\u00e7\u00f5es da TV e do ambiente Wi-Fi. Utiliza\u00e7\u00e3o recomendada com Smart TV Samsung lan\u00e7adas ap\u00f3s 2019.<\/strong><\/p>\n<p><img loading=\"lazy\" decoding=\"async\" class=\"wp-image-111 aligncenter\" src=\"https:\/\/loja.tectur.pt\/wp-content\/uploads\/2022\/09\/pt-feature-enhanced-pc-like-experience-with-samsung-dex-312855122-300x169.jpg\" alt=\"\" width=\"707\" height=\"398\" srcset=\"https:\/\/loja.tectur.pt\/wp-content\/uploads\/2022\/09\/pt-feature-enhanced-pc-like-experience-with-samsung-dex-312855122-300x169.jpg 300w, https:\/\/loja.tectur.pt\/wp-content\/uploads\/2022\/09\/pt-feature-enhanced-pc-like-experience-with-samsung-dex-312855122-1024x576.jpg 1024w, https:\/\/loja.tectur.pt\/wp-content\/uploads\/2022\/09\/pt-feature-enhanced-pc-like-experience-with-samsung-dex-312855122-768x432.jpg 768w, https:\/\/loja.tectur.pt\/wp-content\/uploads\/2022\/09\/pt-feature-enhanced-pc-like-experience-with-samsung-dex-312855122-1320x743.jpg 1320w, https:\/\/loja.tectur.pt\/wp-content\/uploads\/2022\/09\/pt-feature-enhanced-pc-like-experience-with-samsung-dex-312855122-530x298.jpg 530w, https:\/\/loja.tectur.pt\/wp-content\/uploads\/2022\/09\/pt-feature-enhanced-pc-like-experience-with-samsung-dex-312855122.jpg 1440w\" sizes=\"auto, (max-width: 707px) 100vw, 707px\" \/><\/p>\n<h2><strong><u>Caracter\u00edsticas Gerais<\/u><\/strong><\/h2>\n<p><strong>Sistema Operativo: Android<\/strong><\/p>\n<p><strong>Norma IP68: \u00a0resistente \u00e0 \u00e1gua, poeira e quedas (1,2metros)<\/strong><\/p>\n<p><strong>Certifica\u00e7\u00e3o Militar (americana): mil-std-810g (teste de radia\u00e7\u00e3o, vibra\u00e7\u00e3o, quedas, umidade e resist\u00eancia a altas e baixas temperaturas, \u00e1cidos e a grandes varia\u00e7\u00f5es de press\u00e3o atmosf\u00e9rica)<\/strong><\/p>\n<p><strong>Tamanho (Ecr\u00e3 Principal): 8.0&#8243; (203.1mm)<\/strong><\/p>\n<p><strong>Processador: Octa-Core<\/strong><\/p>\n<p><strong>RAM: 6GB<\/strong><\/p>\n<p><strong>Memoria: 128GB<\/strong><\/p>\n<p><strong>Brilhos: 600nits<\/strong><\/p>\n<p><strong>C\u00e2mara Principal: Resolu\u00e7\u00e3o13.0 MP<\/strong><\/p>\n<p><strong>Peso: 426g<\/strong><\/p>\n<p><strong>Tempo de Reprodu\u00e7\u00e3o de V\u00eddeo (Horas): At\u00e9 11<\/strong><\/p>\n<p><img loading=\"lazy\" decoding=\"async\" class=\"\" src=\"https:\/\/www.powerplanetonline.com\/cdnassets\/Samsung-Galaxy-Tab-Active5-verde-001_l.jpg\" alt=\"Samsung Galaxy Tab Active5 Enterprise Edition 5G 6GB \/128GB Verde - Tablet\" width=\"474\" height=\"474\" \/><\/p>\n<p><img decoding=\"async\" src=\"https:\/\/www.powerplanetonline.com\/cdnassets\/Samsung-Galaxy-Tab-Active5-verde-003_ad_l.jpg\" alt=\"Samsung Galaxy Tab Active5 Enterprise Edition 5G 6GB \/128GB Verde - Tablet - Item2\" \/><\/p>\n<p>&nbsp;<\/p>\n<h1 style=\"text-align: center;\"><strong><u>Caracter\u00edsticas<\/u><\/strong><\/h1>\n<p><strong>\u00a0<\/strong><\/p>\n<h3><strong><u>Processador<\/u><\/strong><\/h3>\n<p><strong>Velocidade Processador: 2.7 GHz, 1.7 GHz<\/strong><\/p>\n<p><strong>\u00a0Tipo Processador: Octa-Core<\/strong><\/p>\n<p><strong>Suporte para S Pen<\/strong><\/p>\n<h3><strong><u>C\u00e2mara<\/u><\/strong><\/h3>\n<p><strong>C\u00e2mara Principal : Resolu\u00e7\u00e3o13.0 MP<\/strong><\/p>\n<p><strong>C\u00e2mara Principal: Auto FocusSim<\/strong><\/p>\n<p><strong>C\u00e2mara Frontal: Resolu\u00e7\u00e3o5.0 MP<\/strong><\/p>\n<p><strong>C\u00e2mara Principal: FlashSim<\/strong><\/p>\n<p><strong>Resolu\u00e7\u00e3o de V\u00eddeo (grava\u00e7\u00e3o): UHD 4K (3840 x 2160) @30fps<\/strong><\/p>\n<h3><strong><u>Mem\u00f3ria<\/u><\/strong><\/h3>\n<p><strong>Mem\u00f3ria RAM: 6GB<\/strong><\/p>\n<p><strong>Mem\u00f3ria ROM: 128GB<\/strong><\/p>\n<p><strong>Cart\u00e3o de Mem\u00f3ria: MicroSD (at\u00e9 1TB)<\/strong><\/p>\n<h3><strong><u>Conetividade<\/u><\/strong><\/h3>\n<p><strong>Tecnologia de Localiza\u00e7\u00e3o: GPS, Glonass, Beidou, Galileo<\/strong><\/p>\n<p><strong>Auricular: 3.5mm Stereo<\/strong><\/p>\n<p><strong>MHL: N\u00e3o<\/strong><\/p>\n<p><strong>Wi-Fi802.11 a\/b\/g\/n\/ac\/ax 2.4G+5GHz, HE80, MIMO, 1024-QAM<\/strong><\/p>\n<p><strong>Wi-Fi Direct: Sim<\/strong><\/p>\n<p><strong>Vers\u00e3o BluetoothBluetooth: v5.0<\/strong><\/p>\n<p><strong>NFC: Sim<\/strong><\/p>\n<p><strong>Perfis Bluetooth: A2DP, AVRCP, HFP, HID, HOGP, HSP, MAP, OPP, PAN, PBAP<\/strong><\/p>\n<p><strong>Sinc. de PCSmart Switch (Vers\u00e3o PC)<\/strong><\/p>\n<h3><strong><u>Sensores<\/u><\/strong><\/h3>\n<p><strong>Aceler\u00f3metro<\/strong><\/p>\n<p><strong>\u00a0Leitor de Impress\u00f5es Digitais<\/strong><\/p>\n<p><strong>Sensor Girosc\u00f3pio<\/strong><\/p>\n<p><strong>Sensor Geo Magn\u00e9tico<\/strong><\/p>\n<p><strong>Sensor de Posicionamento<\/strong><\/p>\n<p><strong>Sensor de luz RGB<\/strong><\/p>\n<p><strong>Sensor de Proximidade<\/strong><\/p>\n<h3><strong><u>Dimens\u00f5es<\/u><\/strong><\/h3>\n<p><strong>Dimens\u00f5es (AxLxP, mm): 126.8 x 213.8 x 9.9<\/strong><\/p>\n<p><strong><u>\u00a0Bateria<\/u><\/strong><\/p>\n<p><strong>Tempo Utiliza\u00e7\u00e3o Internet (Wi-Fi): At\u00e9 11 Horas<\/strong><\/p>\n<p><strong>Tempo de Reprodu\u00e7\u00e3o de V\u00eddeo:\u00a0 At\u00e9 11 Horas<\/strong><\/p>\n<p><strong>Capacidade da Bateria (mAh, T\u00edpica: )5050<\/strong><\/p>\n<p><strong>Bateria Remov\u00edvel: Sim<\/strong><\/p>\n<p><strong>Tempo de Reprodu\u00e7\u00e3o \u00c1udio: At\u00e9 81 Horas<\/strong><\/p>\n<h3><strong><u>\u00c1udio e V\u00eddeo<\/u><\/strong><\/h3>\n<p><strong>Formato de Reprodu\u00e7\u00e3o de V\u00eddeo: MP4, M4V, 3GP, 3G2, WMV, ASF, AVI, FLV, MKV, WEBM\u00a0<\/strong><\/p>\n<p><strong>Resolu\u00e7\u00e3o de V\u00eddeo (Reprodu\u00e7\u00e3o): UHD 4K (3840 x 2160)@120fps<\/strong><\/p>\n<p><strong>Formato de Reprodu\u00e7\u00e3o de \u00c1udio: MP3, M4A, 3GA, AAC, OGG, OGA, WAV, WMA, AMR, AWB, FLAC, MID, MIDI, XMF, MXMF, IMY, RTTTL, RTX, OTA<\/strong><\/p>\n<p><strong><u>Servi\u00e7os e Aplica\u00e7\u00f5es<\/u><\/strong><\/p>\n<p><strong>Suporte para GearGalaxy Buds Live, Galaxy Buds+, Galaxy Buds, Gear IconX (2018)<\/strong><\/p>\n<p><strong>S-Voice: N\u00e3o<\/strong><\/p>\n<p><strong>Mobile TV: N\u00e3o<\/strong><\/p>\n<p>&nbsp;<\/p>\n<p>&nbsp;<\/p>\n","protected":false},"excerpt":{"rendered":"<h2><b>Procura um Tablet resistente e que aguente at\u00e9 as suas viagens ou passeios mais exigentes?<\/b><\/h2>\n<p>&nbsp;<\/p>\n<p><strong>N\u00e3o procure mais, este Samsung Tab Active 5, ira consigo em todas as suas escapadas fora de estrada. <\/strong><\/p>\n<p>*Quando dispon\u00edvel por encomenda poder\u00e1 demorar 5 &#8211; 15 dias a chegar<\/p>\n","protected":false},"featured_media":110,"comment_status":"open","ping_status":"closed","template":"","meta":[],"product_brand":[],"product_cat":[29,17],"product_tag":[],"class_list":{"0":"post-109","1":"product","2":"type-product","3":"status-publish","4":"has-post-thumbnail","6":"product_cat-tabnav","7":"product_cat-navegacao-tt","8":"product_shipping_class-leve","10":"first","11":"onbackorder","12":"taxable","13":"shipping-taxable","14":"purchasable","15":"product-type-simple"},"jetpack_sharing_enabled":true,"jetpack_likes_enabled":true,"_links":{"self":[{"href":"https:\/\/loja.tectur.pt\/index.php?rest_route=\/wp\/v2\/product\/109","targetHints":{"allow":["GET"]}}],"collection":[{"href":"https:\/\/loja.tectur.pt\/index.php?rest_route=\/wp\/v2\/product"}],"about":[{"href":"https:\/\/loja.tectur.pt\/index.php?rest_route=\/wp\/v2\/types\/product"}],"replies":[{"embeddable":true,"href":"https:\/\/loja.tectur.pt\/index.php?rest_route=%2Fwp%2Fv2%2Fcomments&post=109"}],"wp:featuredmedia":[{"embeddable":true,"href":"https:\/\/loja.tectur.pt\/index.php?rest_route=\/wp\/v2\/media\/110"}],"wp:attachment":[{"href":"https:\/\/loja.tectur.pt\/index.php?rest_route=%2Fwp%2Fv2%2Fmedia&parent=109"}],"wp:term":[{"taxonomy":"product_brand","embeddable":true,"href":"https:\/\/loja.tectur.pt\/index.php?rest_route=%2Fwp%2Fv2%2Fproduct_brand&post=109"},{"taxonomy":"product_cat","embeddable":true,"href":"https:\/\/loja.tectur.pt\/index.php?rest_route=%2Fwp%2Fv2%2Fproduct_cat&post=109"},{"taxonomy":"product_tag","embeddable":true,"href":"https:\/\/loja.tectur.pt\/index.php?rest_route=%2Fwp%2Fv2%2Fproduct_tag&post=109"}],"curies":[{"name":"wp","href":"https:\/\/api.w.org\/{rel}","templated":true}]}}