{"id":207,"date":"2022-09-19T12:21:16","date_gmt":"2022-09-19T12:21:16","guid":{"rendered":"https:\/\/loja.tectur.pt\/?post_type=product&#038;p=207"},"modified":"2026-01-25T14:10:29","modified_gmt":"2026-01-25T14:10:29","slug":"configuracao-de-navegacao-tt","status":"publish","type":"product","link":"https:\/\/loja.tectur.pt\/?product=configuracao-de-navegacao-tt","title":{"rendered":"Configura\u00e7\u00e3o de Navega\u00e7\u00e3o TT"},"content":{"rendered":"<h2><strong>Tem um Tablet ou radio android e quer configurar para navegar nos seus passeios ou viagens de todo o terreno?<\/strong><\/h2>\n<p><strong>Fazemos a convers\u00e3o e a configura\u00e7\u00e3o total do seu equipamento, navegue em aplica\u00e7\u00f5es totalmente em offline, tanto na terra como em estrada.<\/strong><\/p>\n<p><strong>Pontos de interesse variados, como Praias de mar e fluviais, baloi\u00e7os, Geo-pontos de interesse, castelos e muito mais.<\/strong><\/p>\n<p><strong>Fale conosco, verifique antes que o seu equipamento \u00e9 compat\u00edvel, envie para <a href=\"mailto:Tectur@tectur.pt\">Tectur@tectur.pt<\/a> daremos toda a assist\u00eancia e aconselhamento necess\u00e1rio.<\/strong><\/p>\n<h2><strong><u>Aplica\u00e7\u00f5es Pr\u00e9-instaladas e completamente configuradas<\/u><\/strong><strong><u>:<\/u><\/strong><\/h2>\n<p>Launcher para Autom\u00f3vel (ecr\u00e3 simplificado e ajustado para condu\u00e7\u00e3o, no caso dos r\u00e1dios android n\u00e3o \u00e9 necess\u00e1rio)<\/p>\n<p>LocusMap 4 totalmente configurado (com mapas Offline)<\/p>\n<p>OsmAnd+ totalmente configurado (com mapas Offline)<\/p>\n<p>HERE We go (com mapas offline)<\/p>\n<p>iOverlander<\/p>\n<p>Park4night<\/p>\n<p>Wase<\/p>\n<p>* As aplica\u00e7\u00f5es podem mudar consoante a capacidade do seu equipamento, se quiser alguma em especifico por favor indique na compra<\/p>\n","protected":false},"excerpt":{"rendered":"<h1 class=\"product_title entry-title\">Configura\u00e7\u00e3o de equipamentos para Navega\u00e7\u00e3o TT<\/h1>\n","protected":false},"featured_media":200,"comment_status":"open","ping_status":"closed","template":"","meta":[],"product_brand":[],"product_cat":[29,17,15],"product_tag":[],"class_list":{"0":"post-207","1":"product","2":"type-product","3":"status-publish","4":"has-post-thumbnail","6":"product_cat-tabnav","7":"product_cat-navegacao-tt","8":"product_cat-varios","10":"first","11":"instock","12":"virtual","13":"taxable","14":"purchasable","15":"product-type-simple"},"jetpack_sharing_enabled":true,"jetpack_likes_enabled":true,"_links":{"self":[{"href":"https:\/\/loja.tectur.pt\/index.php?rest_route=\/wp\/v2\/product\/207","targetHints":{"allow":["GET"]}}],"collection":[{"href":"https:\/\/loja.tectur.pt\/index.php?rest_route=\/wp\/v2\/product"}],"about":[{"href":"https:\/\/loja.tectur.pt\/index.php?rest_route=\/wp\/v2\/types\/product"}],"replies":[{"embeddable":true,"href":"https:\/\/loja.tectur.pt\/index.php?rest_route=%2Fwp%2Fv2%2Fcomments&post=207"}],"wp:featuredmedia":[{"embeddable":true,"href":"https:\/\/loja.tectur.pt\/index.php?rest_route=\/wp\/v2\/media\/200"}],"wp:attachment":[{"href":"https:\/\/loja.tectur.pt\/index.php?rest_route=%2Fwp%2Fv2%2Fmedia&parent=207"}],"wp:term":[{"taxonomy":"product_brand","embeddable":true,"href":"https:\/\/loja.tectur.pt\/index.php?rest_route=%2Fwp%2Fv2%2Fproduct_brand&post=207"},{"taxonomy":"product_cat","embeddable":true,"href":"https:\/\/loja.tectur.pt\/index.php?rest_route=%2Fwp%2Fv2%2Fproduct_cat&post=207"},{"taxonomy":"product_tag","embeddable":true,"href":"https:\/\/loja.tectur.pt\/index.php?rest_route=%2Fwp%2Fv2%2Fproduct_tag&post=207"}],"curies":[{"name":"wp","href":"https:\/\/api.w.org\/{rel}","templated":true}]}}