{"id":244,"date":"2022-10-18T15:28:56","date_gmt":"2022-10-18T15:28:56","guid":{"rendered":"https:\/\/loja.tectur.pt\/?post_type=product&#038;p=244"},"modified":"2022-10-18T15:28:56","modified_gmt":"2022-10-18T15:28:56","slug":"suporte-em-bola-ram-mounts","status":"publish","type":"product","link":"https:\/\/loja.tectur.pt\/?product=suporte-em-bola-ram-mounts","title":{"rendered":"Suporte em Bola RAM Mounts"},"content":{"rendered":"<ul>\n<li>Placa redonda de 2,5&#8243; conecta-se a suportes de dispositivo RAM\u00ae contendo o padr\u00e3o de furo AMPS universal.<\/li>\n<li>A esfera de borracha RAM\u00ae de 1&#8243; tamanho B inclu\u00edda permite a conex\u00e3o a qualquer bra\u00e7o de soquete duplo RAM\u00ae tamanho B; a tecnologia de esfera e soquete permite um ajuste quase infinito.<\/li>\n<li>Feito de alum\u00ednio de grau mar\u00edtimo revestido a p\u00f3 para durabilidade e confiabilidade nos ambientes mais exigentes.<\/li>\n<\/ul>\n<p><img loading=\"lazy\" decoding=\"async\" class=\"alignnone size-medium wp-image-246\" src=\"https:\/\/loja.tectur.pt\/wp-content\/uploads\/2022\/10\/09-20-22_15_22_RAM-B-202U_2_1440x-300x300.webp\" alt=\"\" width=\"300\" height=\"300\" srcset=\"https:\/\/loja.tectur.pt\/wp-content\/uploads\/2022\/10\/09-20-22_15_22_RAM-B-202U_2_1440x-300x300.webp 300w, https:\/\/loja.tectur.pt\/wp-content\/uploads\/2022\/10\/09-20-22_15_22_RAM-B-202U_2_1440x-1024x1024.webp 1024w, https:\/\/loja.tectur.pt\/wp-content\/uploads\/2022\/10\/09-20-22_15_22_RAM-B-202U_2_1440x-150x150.webp 150w, https:\/\/loja.tectur.pt\/wp-content\/uploads\/2022\/10\/09-20-22_15_22_RAM-B-202U_2_1440x-768x768.webp 768w, https:\/\/loja.tectur.pt\/wp-content\/uploads\/2022\/10\/09-20-22_15_22_RAM-B-202U_2_1440x-1320x1320.webp 1320w, https:\/\/loja.tectur.pt\/wp-content\/uploads\/2022\/10\/09-20-22_15_22_RAM-B-202U_2_1440x-241x241.webp 241w, https:\/\/loja.tectur.pt\/wp-content\/uploads\/2022\/10\/09-20-22_15_22_RAM-B-202U_2_1440x-530x530.webp 530w, https:\/\/loja.tectur.pt\/wp-content\/uploads\/2022\/10\/09-20-22_15_22_RAM-B-202U_2_1440x-100x100.webp 100w, https:\/\/loja.tectur.pt\/wp-content\/uploads\/2022\/10\/09-20-22_15_22_RAM-B-202U_2_1440x.webp 1440w\" sizes=\"auto, (max-width: 300px) 100vw, 300px\" \/> <img loading=\"lazy\" decoding=\"async\" class=\"alignnone size-medium wp-image-247\" src=\"https:\/\/loja.tectur.pt\/wp-content\/uploads\/2022\/10\/09-20-22_15_22_RAM-B-202U_3_1440x-300x300.webp\" alt=\"\" width=\"300\" height=\"300\" srcset=\"https:\/\/loja.tectur.pt\/wp-content\/uploads\/2022\/10\/09-20-22_15_22_RAM-B-202U_3_1440x-300x300.webp 300w, https:\/\/loja.tectur.pt\/wp-content\/uploads\/2022\/10\/09-20-22_15_22_RAM-B-202U_3_1440x-150x150.webp 150w, https:\/\/loja.tectur.pt\/wp-content\/uploads\/2022\/10\/09-20-22_15_22_RAM-B-202U_3_1440x-241x241.webp 241w, https:\/\/loja.tectur.pt\/wp-content\/uploads\/2022\/10\/09-20-22_15_22_RAM-B-202U_3_1440x-530x530.webp 530w, https:\/\/loja.tectur.pt\/wp-content\/uploads\/2022\/10\/09-20-22_15_22_RAM-B-202U_3_1440x-100x100.webp 100w, https:\/\/loja.tectur.pt\/wp-content\/uploads\/2022\/10\/09-20-22_15_22_RAM-B-202U_3_1440x.webp 726w\" sizes=\"auto, (max-width: 300px) 100vw, 300px\" \/><\/p>\n","protected":false},"excerpt":{"rendered":"<p>Suporte em Bola que conecta-se a suportes de dispositivo RAM\u00ae contendo o padr\u00e3o de furo AMPS universal.<\/p>\n<p>*Quando dispon\u00edvel por encomenda poder\u00e1 demorar 5 -15 dias a chegar<\/p>\n","protected":false},"featured_media":245,"comment_status":"open","ping_status":"closed","template":"","meta":[],"product_brand":[],"product_cat":[17,28],"product_tag":[],"class_list":{"0":"post-244","1":"product","2":"type-product","3":"status-publish","4":"has-post-thumbnail","6":"product_cat-navegacao-tt","7":"product_cat-ram","8":"product_shipping_class-medio","10":"first","11":"onbackorder","12":"taxable","13":"shipping-taxable","14":"purchasable","15":"product-type-simple"},"jetpack_sharing_enabled":true,"jetpack_likes_enabled":true,"_links":{"self":[{"href":"https:\/\/loja.tectur.pt\/index.php?rest_route=\/wp\/v2\/product\/244","targetHints":{"allow":["GET"]}}],"collection":[{"href":"https:\/\/loja.tectur.pt\/index.php?rest_route=\/wp\/v2\/product"}],"about":[{"href":"https:\/\/loja.tectur.pt\/index.php?rest_route=\/wp\/v2\/types\/product"}],"replies":[{"embeddable":true,"href":"https:\/\/loja.tectur.pt\/index.php?rest_route=%2Fwp%2Fv2%2Fcomments&post=244"}],"wp:featuredmedia":[{"embeddable":true,"href":"https:\/\/loja.tectur.pt\/index.php?rest_route=\/wp\/v2\/media\/245"}],"wp:attachment":[{"href":"https:\/\/loja.tectur.pt\/index.php?rest_route=%2Fwp%2Fv2%2Fmedia&parent=244"}],"wp:term":[{"taxonomy":"product_brand","embeddable":true,"href":"https:\/\/loja.tectur.pt\/index.php?rest_route=%2Fwp%2Fv2%2Fproduct_brand&post=244"},{"taxonomy":"product_cat","embeddable":true,"href":"https:\/\/loja.tectur.pt\/index.php?rest_route=%2Fwp%2Fv2%2Fproduct_cat&post=244"},{"taxonomy":"product_tag","embeddable":true,"href":"https:\/\/loja.tectur.pt\/index.php?rest_route=%2Fwp%2Fv2%2Fproduct_tag&post=244"}],"curies":[{"name":"wp","href":"https:\/\/api.w.org\/{rel}","templated":true}]}}