{"id":248,"date":"2022-10-21T15:24:37","date_gmt":"2022-10-21T15:24:37","guid":{"rendered":"https:\/\/loja.tectur.pt\/?post_type=product&#038;p=248"},"modified":"2026-01-25T15:11:52","modified_gmt":"2026-01-25T15:11:52","slug":"suporte-de-ventosa-tripla-ram-twist-lock-com-placa-redonda","status":"publish","type":"product","link":"https:\/\/loja.tectur.pt\/?product=suporte-de-ventosa-tripla-ram-twist-lock-com-placa-redonda","title":{"rendered":"Suporte de ventosa tripla RAM Mounts com placa redonda"},"content":{"rendered":"<p>As ventosas s\u00e3o uma das maneiras mais convenientes de montar aparelhos eletr\u00f3nicos no seu 4&#215;4.<\/p>\n<p>A RAM tem uma ampla variedade de ventosas para escolher com incr\u00edvel poder de reten\u00e7\u00e3o.<\/p>\n","protected":false},"excerpt":{"rendered":"<p>*Quando dispon\u00edvel por encomenda poder\u00e1 demorar 5 -15 dias a chegar<\/p>\n","protected":false},"featured_media":249,"comment_status":"open","ping_status":"closed","template":"","meta":[],"product_brand":[],"product_cat":[17,28],"product_tag":[],"class_list":{"0":"post-248","1":"product","2":"type-product","3":"status-publish","4":"has-post-thumbnail","6":"product_cat-navegacao-tt","7":"product_cat-ram","8":"product_shipping_class-medio","10":"first","11":"onbackorder","12":"taxable","13":"shipping-taxable","14":"purchasable","15":"product-type-simple"},"jetpack_sharing_enabled":true,"jetpack_likes_enabled":true,"_links":{"self":[{"href":"https:\/\/loja.tectur.pt\/index.php?rest_route=\/wp\/v2\/product\/248","targetHints":{"allow":["GET"]}}],"collection":[{"href":"https:\/\/loja.tectur.pt\/index.php?rest_route=\/wp\/v2\/product"}],"about":[{"href":"https:\/\/loja.tectur.pt\/index.php?rest_route=\/wp\/v2\/types\/product"}],"replies":[{"embeddable":true,"href":"https:\/\/loja.tectur.pt\/index.php?rest_route=%2Fwp%2Fv2%2Fcomments&post=248"}],"wp:featuredmedia":[{"embeddable":true,"href":"https:\/\/loja.tectur.pt\/index.php?rest_route=\/wp\/v2\/media\/249"}],"wp:attachment":[{"href":"https:\/\/loja.tectur.pt\/index.php?rest_route=%2Fwp%2Fv2%2Fmedia&parent=248"}],"wp:term":[{"taxonomy":"product_brand","embeddable":true,"href":"https:\/\/loja.tectur.pt\/index.php?rest_route=%2Fwp%2Fv2%2Fproduct_brand&post=248"},{"taxonomy":"product_cat","embeddable":true,"href":"https:\/\/loja.tectur.pt\/index.php?rest_route=%2Fwp%2Fv2%2Fproduct_cat&post=248"},{"taxonomy":"product_tag","embeddable":true,"href":"https:\/\/loja.tectur.pt\/index.php?rest_route=%2Fwp%2Fv2%2Fproduct_tag&post=248"}],"curies":[{"name":"wp","href":"https:\/\/api.w.org\/{rel}","templated":true}]}}