{"id":252,"date":"2022-10-21T15:38:24","date_gmt":"2022-10-21T15:38:24","guid":{"rendered":"https:\/\/loja.tectur.pt\/?post_type=product&#038;p=252"},"modified":"2026-01-25T15:10:23","modified_gmt":"2026-01-25T15:10:23","slug":"suporte-de-bola-dupla-com-ventosa-ram-mount-com-placa-redonda-longo","status":"publish","type":"product","link":"https:\/\/loja.tectur.pt\/?product=suporte-de-bola-dupla-com-ventosa-ram-mount-com-placa-redonda-longo","title":{"rendered":"Suporte de bola dupla com ventosa RAM Mount com placa redonda (Longo)"},"content":{"rendered":"<ul>\n<li>A base da ventosa RAM\u00ae Twist-Lock\u2122 \u00e9 ideal para para-brisas de ve\u00edculos e outras superf\u00edcies n\u00e3o porosas.<\/li>\n<li>Inclui bra\u00e7o duplo RAM\u00ae de tamanho m\u00e9dio (tamanho B) e base redonda de 2,5&#8243; com esfera de borracha de tamanho B de 1&#8243;; a tecnologia de bola e soquete permite ajuste quase infinito.<\/li>\n<li>Feito de alum\u00ednio de grau mar\u00edtimo revestido a p\u00f3 e composto de alta resist\u00eancia para durabilidade e confiabilidade nos ambientes mais exigentes.<\/li>\n<\/ul>\n<p>&nbsp;<\/p>\n<p><img loading=\"lazy\" decoding=\"async\" class=\"alignnone size-medium wp-image-254\" src=\"https:\/\/loja.tectur.pt\/wp-content\/uploads\/2022\/10\/RAM-B-166-202U_2_1440x-300x300.webp\" alt=\"\" width=\"300\" height=\"300\" srcset=\"https:\/\/loja.tectur.pt\/wp-content\/uploads\/2022\/10\/RAM-B-166-202U_2_1440x-300x300.webp 300w, https:\/\/loja.tectur.pt\/wp-content\/uploads\/2022\/10\/RAM-B-166-202U_2_1440x-150x150.webp 150w, https:\/\/loja.tectur.pt\/wp-content\/uploads\/2022\/10\/RAM-B-166-202U_2_1440x-768x768.webp 768w, https:\/\/loja.tectur.pt\/wp-content\/uploads\/2022\/10\/RAM-B-166-202U_2_1440x-241x241.webp 241w, https:\/\/loja.tectur.pt\/wp-content\/uploads\/2022\/10\/RAM-B-166-202U_2_1440x-530x530.webp 530w, https:\/\/loja.tectur.pt\/wp-content\/uploads\/2022\/10\/RAM-B-166-202U_2_1440x-100x100.webp 100w, https:\/\/loja.tectur.pt\/wp-content\/uploads\/2022\/10\/RAM-B-166-202U_2_1440x.webp 800w\" sizes=\"auto, (max-width: 300px) 100vw, 300px\" \/> <img loading=\"lazy\" decoding=\"async\" class=\"alignnone size-medium wp-image-255\" src=\"https:\/\/loja.tectur.pt\/wp-content\/uploads\/2022\/10\/RAM-B-166-202U_3_1440x-300x300.webp\" alt=\"\" width=\"300\" height=\"300\" srcset=\"https:\/\/loja.tectur.pt\/wp-content\/uploads\/2022\/10\/RAM-B-166-202U_3_1440x-300x300.webp 300w, https:\/\/loja.tectur.pt\/wp-content\/uploads\/2022\/10\/RAM-B-166-202U_3_1440x-150x150.webp 150w, https:\/\/loja.tectur.pt\/wp-content\/uploads\/2022\/10\/RAM-B-166-202U_3_1440x-768x768.webp 768w, https:\/\/loja.tectur.pt\/wp-content\/uploads\/2022\/10\/RAM-B-166-202U_3_1440x-241x241.webp 241w, https:\/\/loja.tectur.pt\/wp-content\/uploads\/2022\/10\/RAM-B-166-202U_3_1440x-530x530.webp 530w, https:\/\/loja.tectur.pt\/wp-content\/uploads\/2022\/10\/RAM-B-166-202U_3_1440x-100x100.webp 100w, https:\/\/loja.tectur.pt\/wp-content\/uploads\/2022\/10\/RAM-B-166-202U_3_1440x.webp 800w\" sizes=\"auto, (max-width: 300px) 100vw, 300px\" \/> <img loading=\"lazy\" decoding=\"async\" class=\"alignnone size-medium wp-image-256\" src=\"https:\/\/loja.tectur.pt\/wp-content\/uploads\/2022\/10\/RAM-B-166-202U_4_1440x-300x300.webp\" alt=\"\" width=\"300\" height=\"300\" srcset=\"https:\/\/loja.tectur.pt\/wp-content\/uploads\/2022\/10\/RAM-B-166-202U_4_1440x-300x300.webp 300w, https:\/\/loja.tectur.pt\/wp-content\/uploads\/2022\/10\/RAM-B-166-202U_4_1440x-150x150.webp 150w, https:\/\/loja.tectur.pt\/wp-content\/uploads\/2022\/10\/RAM-B-166-202U_4_1440x-768x768.webp 768w, https:\/\/loja.tectur.pt\/wp-content\/uploads\/2022\/10\/RAM-B-166-202U_4_1440x-241x241.webp 241w, https:\/\/loja.tectur.pt\/wp-content\/uploads\/2022\/10\/RAM-B-166-202U_4_1440x-530x530.webp 530w, https:\/\/loja.tectur.pt\/wp-content\/uploads\/2022\/10\/RAM-B-166-202U_4_1440x-100x100.webp 100w, https:\/\/loja.tectur.pt\/wp-content\/uploads\/2022\/10\/RAM-B-166-202U_4_1440x.webp 800w\" sizes=\"auto, (max-width: 300px) 100vw, 300px\" \/><\/p>\n","protected":false},"excerpt":{"rendered":"<p>*Quando dispon\u00edvel por encomenda poder\u00e1 demorar 5 -15 dias a chegar<\/p>\n","protected":false},"featured_media":253,"comment_status":"open","ping_status":"closed","template":"","meta":[],"product_brand":[],"product_cat":[17,28],"product_tag":[],"class_list":{"0":"post-252","1":"product","2":"type-product","3":"status-publish","4":"has-post-thumbnail","6":"product_cat-navegacao-tt","7":"product_cat-ram","9":"first","10":"onbackorder","11":"taxable","12":"shipping-taxable","13":"purchasable","14":"product-type-simple"},"jetpack_sharing_enabled":true,"jetpack_likes_enabled":true,"_links":{"self":[{"href":"https:\/\/loja.tectur.pt\/index.php?rest_route=\/wp\/v2\/product\/252","targetHints":{"allow":["GET"]}}],"collection":[{"href":"https:\/\/loja.tectur.pt\/index.php?rest_route=\/wp\/v2\/product"}],"about":[{"href":"https:\/\/loja.tectur.pt\/index.php?rest_route=\/wp\/v2\/types\/product"}],"replies":[{"embeddable":true,"href":"https:\/\/loja.tectur.pt\/index.php?rest_route=%2Fwp%2Fv2%2Fcomments&post=252"}],"wp:featuredmedia":[{"embeddable":true,"href":"https:\/\/loja.tectur.pt\/index.php?rest_route=\/wp\/v2\/media\/253"}],"wp:attachment":[{"href":"https:\/\/loja.tectur.pt\/index.php?rest_route=%2Fwp%2Fv2%2Fmedia&parent=252"}],"wp:term":[{"taxonomy":"product_brand","embeddable":true,"href":"https:\/\/loja.tectur.pt\/index.php?rest_route=%2Fwp%2Fv2%2Fproduct_brand&post=252"},{"taxonomy":"product_cat","embeddable":true,"href":"https:\/\/loja.tectur.pt\/index.php?rest_route=%2Fwp%2Fv2%2Fproduct_cat&post=252"},{"taxonomy":"product_tag","embeddable":true,"href":"https:\/\/loja.tectur.pt\/index.php?rest_route=%2Fwp%2Fv2%2Fproduct_tag&post=252"}],"curies":[{"name":"wp","href":"https:\/\/api.w.org\/{rel}","templated":true}]}}