{"id":291,"date":"2022-11-15T17:31:39","date_gmt":"2022-11-15T17:31:39","guid":{"rendered":"https:\/\/loja.tectur.pt\/?post_type=product&#038;p=291"},"modified":"2026-01-25T14:04:36","modified_gmt":"2026-01-25T14:04:36","slug":"navegacao-off-road-nav3-mini-rugged","status":"publish","type":"product","link":"https:\/\/loja.tectur.pt\/?product=navegacao-off-road-nav3-mini-rugged","title":{"rendered":"Navega\u00e7\u00e3o Off Road Nav3 Mini Rugged &#8211; Novo Equiamento"},"content":{"rendered":"<p><strong>N\u00e3o procure mais, este OUKITEL, ira consigo em todas as suas escapadas fora de estrada. <\/strong><\/p>\n<p><strong>Completamente configurado para navega\u00e7\u00e3o fora de estrada e adaptado a condu\u00e7\u00e3o, este ser\u00e1 o seu GPS de elei\u00e7\u00e3o, esteja a viajar por estradas de alcatr\u00e3o ou por estradas de terra. Totalmente Offline (n\u00e3o necessita de internet para navega\u00e7\u00e3o), pontos de interesse variados e pronto a usar.<\/strong><\/p>\n<p><strong>Ter\u00e1 indica\u00e7\u00f5es por voz e visuais (tipo Roadbook), mesmo em rotas de terra, criadas por si, ou tiradas de outro local.<\/strong><\/p>\n<p><strong>Este OUKITEL com norma IP68, IP69 e com certifica\u00e7\u00e3o pelo exercito americano, \u00e9 resistente \u00e0 \u00e1gua, poeira e quedas, temperaturas altas e baixas. Um dos equipamentos mais resistentes, poder\u00e1 ir a qualquer zona do globo e manter a sua navega\u00e7\u00e3o fora de estrada sem problemas.<\/strong><\/p>\n<h2 style=\"text-align: center;\"><strong><u>Aplica\u00e7\u00f5es Pr\u00e9-instaladas e completamente configuradas<\/u><\/strong><strong><u>:<\/u><\/strong><\/h2>\n<p><strong>Launcher para Autom\u00f3vel (ecr\u00e3 simplificado e ajustado para condu\u00e7\u00e3o)<\/strong><\/p>\n<p><strong>LocusMap totalmente configurado (com mapas Offline)<\/strong><\/p>\n<p><strong>OsmAnd+ totalmente configurado (com mapas Offline)<\/strong><\/p>\n<p><strong>HERE We go (com mapas offline)<\/strong><\/p>\n<p><strong>iOverlander<\/strong><\/p>\n<p><strong>Park4night<\/strong><\/p>\n<p><strong>Wase<\/strong><\/p>\n<p><strong>Google Maps<\/strong><\/p>\n<p><strong><u>Mapas Offline:<\/u><\/strong><\/p>\n<p><strong>Nas aplica\u00e7\u00f5es que d\u00e1, ir\u00e1 mapas que n\u00e3o necessitam de internet para serem usados (offline) de Portugal e Espanha, se quiser mais pa\u00edses por favor a quando da compra referir ou enviar por correio eletr\u00f3nico para <\/strong><a href=\"mailto:Tectur@tectur.pt\"><strong>Tectur@tectur.pt<\/strong><\/a><strong> a referir os pa\u00edses que quer (sem custos).<\/strong><\/p>\n<h2><strong><u>Caracter\u00edsticas Gerais<\/u><\/strong><\/h2>\n<ul>\n<li class=\"row_li\">\n<ul>\n<li>Sistema operativo: Android 14<\/li>\n<\/ul>\n<\/li>\n<li class=\"row_li\">\n<ul>\n<li>Processador: Octa Core, Mediatek G85<\/li>\n<\/ul>\n<\/li>\n<li class=\"row_li\">\n<ul>\n<li>RAM: 6 GB<\/li>\n<\/ul>\n<\/li>\n<li class=\"row_li\">\n<ul>\n<li>Mem\u00f3ria interna: 256 GB, Expans\u00edvel via SD<\/li>\n<\/ul>\n<\/li>\n<li class=\"row_li\">\n<ul>\n<li>Cart\u00e3o SD: Sim<\/li>\n<\/ul>\n<\/li>\n<li class=\"row_li\">\n<ul>\n<li>SIM: Dual SIM<\/li>\n<\/ul>\n<\/li>\n<li class=\"row_li\">\n<ul>\n<li>Tipo de cart\u00e3o: Nano SIM \/ Nano SIM &#8211; microSD<\/li>\n<\/ul>\n<\/li>\n<li class=\"row_li\">\n<ul>\n<li>Idioma: Multil\u00edngue (Inclui Espanhol e Portugu\u00eas)<\/li>\n<\/ul>\n<\/li>\n<li class=\"row_li\">\n<ul>\n<li><span id=\"_006_2\">Play Store: <\/span>Sim<\/li>\n<\/ul>\n<\/li>\n<li><\/li>\n<li class=\"row_li\">\n<h3>Ecr\u00e3:<\/h3>\n<ul>\n<li>Caracter\u00edsticas: 6.56 INCELL<\/li>\n<li>Defini\u00e7\u00e3o: HD+<\/li>\n<li>Resolu\u00e7\u00e3o: 1612 x 720 p\u00edxeis<\/li>\n<\/ul>\n<\/li>\n<\/ul>\n<h3>C\u00e2mara<\/h3>\n<ul>\n<li class=\"row_li\">\n<ul>\n<li>Frontal: 16 MP<\/li>\n<\/ul>\n<\/li>\n<li class=\"row_li\">\n<ul>\n<li>Traseira: C\u00e2mara principal de 48 MP + C\u00e2mara de vis\u00e3o noturna de 8 MP + C\u00e2mara Macro de 2 MP<\/li>\n<\/ul>\n<\/li>\n<li class=\"row_li\">\n<ul>\n<li><span id=\"_045\">Flash<\/span>: Sim<\/li>\n<\/ul>\n<\/li>\n<\/ul>\n<h3>Sensores<\/h3>\n<ul>\n<li class=\"row_li\">\n<ul>\n<li>Aceler\u00f3metro: Sim<\/li>\n<\/ul>\n<\/li>\n<li class=\"row_li\">\n<ul>\n<li>Girosc\u00f3pio: Sim<\/li>\n<\/ul>\n<\/li>\n<li class=\"row_li\">\n<ul>\n<li>Proximidade: Sim<\/li>\n<\/ul>\n<\/li>\n<li class=\"row_li\">\n<ul>\n<li>Luz: Sim<\/li>\n<\/ul>\n<\/li>\n<li class=\"row_li\">\n<ul>\n<li>B\u00fassola: Sim<\/li>\n<\/ul>\n<\/li>\n<li class=\"row_li\">\n<ul>\n<li>Pod\u00f3metro: Sim<\/li>\n<\/ul>\n<\/li>\n<li class=\"row_li\">\n<ul>\n<li>Leitor de impress\u00f5es digitais: Sim<\/li>\n<\/ul>\n<\/li>\n<\/ul>\n<h3>Conectividade<\/h3>\n<ul>\n<li class=\"row_li\">\n<ul>\n<li>Redes 2G (GSM): 850-900-1800-1900 MHz<\/li>\n<\/ul>\n<\/li>\n<li class=\"row_li\">\n<ul>\n<li>Redes 3G (WCDMA): 850-900-1700-1900-2100 MHz<\/li>\n<\/ul>\n<\/li>\n<li class=\"row_li\">\n<ul>\n<li>Redes 4G (LTE): 700-800-850-900-1700-1800-1900-2100-2600 MHz<\/li>\n<\/ul>\n<\/li>\n<li class=\"row_li\">\n<ul>\n<li>Wifi: a, b, g, n, n 5GHz, ac, Dual band, Wi-Fi Hotspot, Wi-Fi Direct, Wi-Fi Display<\/li>\n<\/ul>\n<\/li>\n<li class=\"row_li\">\n<ul>\n<li>Bluetooth: Sim<\/li>\n<\/ul>\n<\/li>\n<li class=\"row_li\">\n<ul>\n<li>R\u00e1dio FM: Sim<\/li>\n<\/ul>\n<\/li>\n<li class=\"row_li\">\n<ul>\n<li>GPS: GPS, A-GPS, GLONASS, BeiDou, Galileo<\/li>\n<\/ul>\n<\/li>\n<li class=\"row_li\">\n<ul>\n<li>Bloqueio regional: N\u00e3o<\/li>\n<\/ul>\n<\/li>\n<li class=\"row_li\">\n<ul>\n<li>Quad-band: Sim<\/li>\n<\/ul>\n<\/li>\n<li class=\"row_li\">\n<ul>\n<li>USB: USB-C<\/li>\n<\/ul>\n<\/li>\n<li class=\"row_li\">\n<ul>\n<li>NFC: Sim<\/li>\n<\/ul>\n<\/li>\n<\/ul>\n<ul>\n<li id=\"before\">\n<h3>Dimens\u00f5es<\/h3>\n<ul>\n<li class=\"row_li\">\n<ul>\n<li>Polegadas:<\/li>\n<li>6.56<\/li>\n<\/ul>\n<\/li>\n<li class=\"row_li\">\n<ul>\n<li>Tamanho:<\/li>\n<li>173\u00a0x 80\u00a0x 15.3\u00a0mm<\/li>\n<\/ul>\n<\/li>\n<\/ul>\n<\/li>\n<li>\n<h3><img decoding=\"async\" src=\"https:\/\/www.powerplanetonline.com\/cdnassets\/icons\/bateria.png\" alt=\"\u00cdcone\" \/>Bateria<\/h3>\n<ul>\n<li class=\"row_li\">\n<ul>\n<li>Capacidade: 11000\u00a0mAh<\/li>\n<li>\u00a0 \u00a0 \u00a0 \u00a0 \u00a0 \u00a0 \u00a0 \u00a0 \u00a0 \u00a0 \u00a0 \u00a0 \u00a0 \u00a0Carga r\u00e1pida<\/li>\n<\/ul>\n<\/li>\n<\/ul>\n<\/li>\n<\/ul>\n","protected":false},"excerpt":{"rendered":"<h3><b>Procura um equipamento resistente e que aguente at\u00e9 as suas viagens ou passeios mais exigentes, tanto para MOTA, SSV, UTV,BUGGY ou viaturas 4&#215;4?<\/b><\/h3>\n<p>Gama de sistemas de navega\u00e7\u00e3o Tectur de activities outdoor com exposi\u00e7\u00e3o \u00e1s condi\u00e7\u00f5es climat\u00e9ricas.<\/p>\n<p>*Quando dispon\u00edvel por encomenda poder\u00e1 demorar 5 &#8211; 15 dias a chegar<\/p>\n","protected":false},"featured_media":524,"comment_status":"open","ping_status":"closed","template":"","meta":[],"product_brand":[],"product_cat":[29,17],"product_tag":[],"class_list":{"0":"post-291","1":"product","2":"type-product","3":"status-publish","4":"has-post-thumbnail","6":"product_cat-tabnav","7":"product_cat-navegacao-tt","8":"product_shipping_class-leve","10":"first","11":"onbackorder","12":"taxable","13":"shipping-taxable","14":"purchasable","15":"product-type-simple"},"jetpack_sharing_enabled":true,"jetpack_likes_enabled":true,"_links":{"self":[{"href":"https:\/\/loja.tectur.pt\/index.php?rest_route=\/wp\/v2\/product\/291","targetHints":{"allow":["GET"]}}],"collection":[{"href":"https:\/\/loja.tectur.pt\/index.php?rest_route=\/wp\/v2\/product"}],"about":[{"href":"https:\/\/loja.tectur.pt\/index.php?rest_route=\/wp\/v2\/types\/product"}],"replies":[{"embeddable":true,"href":"https:\/\/loja.tectur.pt\/index.php?rest_route=%2Fwp%2Fv2%2Fcomments&post=291"}],"wp:featuredmedia":[{"embeddable":true,"href":"https:\/\/loja.tectur.pt\/index.php?rest_route=\/wp\/v2\/media\/524"}],"wp:attachment":[{"href":"https:\/\/loja.tectur.pt\/index.php?rest_route=%2Fwp%2Fv2%2Fmedia&parent=291"}],"wp:term":[{"taxonomy":"product_brand","embeddable":true,"href":"https:\/\/loja.tectur.pt\/index.php?rest_route=%2Fwp%2Fv2%2Fproduct_brand&post=291"},{"taxonomy":"product_cat","embeddable":true,"href":"https:\/\/loja.tectur.pt\/index.php?rest_route=%2Fwp%2Fv2%2Fproduct_cat&post=291"},{"taxonomy":"product_tag","embeddable":true,"href":"https:\/\/loja.tectur.pt\/index.php?rest_route=%2Fwp%2Fv2%2Fproduct_tag&post=291"}],"curies":[{"name":"wp","href":"https:\/\/api.w.org\/{rel}","templated":true}]}}