{"id":338,"date":"2022-12-06T16:28:50","date_gmt":"2022-12-06T16:28:50","guid":{"rendered":"https:\/\/loja.tectur.pt\/?post_type=product&#038;p=338"},"modified":"2026-01-25T13:59:59","modified_gmt":"2026-01-25T13:59:59","slug":"box-android","status":"publish","type":"product","link":"https:\/\/loja.tectur.pt\/?product=box-android","title":{"rendered":"Box Android"},"content":{"rendered":"<p>Com esta box android converte o sistema original Android Auto e Carplay do seu jipe em um verdadeiro sistema de navega\u00e7\u00e3o, Off Road, s\u00f3 tem de a ligar ao USB (o radio original ou universal ter\u00e1 de ter Carplay) .<\/p>\n<p>A Tectur prepara tudo para estar pronta a usar e a fazer a sua navega\u00e7\u00e3o TT.<\/p>\n<p><strong><u>Aplica\u00e7\u00f5es Pr\u00e9-instaladas e completamente configuradas:<\/u><\/strong><\/p>\n<p><strong>LocusMap totalmente configurado (com mapas Offline)<\/strong><\/p>\n<p><strong>OsmAnd+ totalmente configurado (com mapas Offline)<\/strong><\/p>\n<p><strong>HERE We go (com mapas offline)<\/strong><\/p>\n<p><strong>iOverlander<\/strong><\/p>\n<p><strong>Park4night<\/strong><\/p>\n<p><strong>Wase<\/strong><\/p>\n<p><strong>Google Maps<\/strong><\/p>\n<p><strong><u>Mapas Offline:<\/u><\/strong><\/p>\n<p><strong>Nas aplica\u00e7\u00f5es que d\u00e1, ir\u00e1 mapas que n\u00e3o necessitam de internet para serem usados (offline) de Portugal e Espanha, se quiser mais pa\u00edses por favor a quando da compra referir ou enviar por correio eletr\u00f3nico para\u00a0<\/strong><a href=\"mailto:Tectur@tectur.pt\"><strong>Tectur@tectur.pt<\/strong><\/a><strong>\u00a0a referir os pa\u00edses que quer (sem custos).<\/strong><\/p>\n<p><strong><u>Especifica\u00e7\u00f5es<\/u><\/strong><\/p>\n<table style=\"height: 495px;\" width=\"1113\">\n<tbody>\n<tr>\n<td>Sistema Operativo<\/td>\n<td>Android 13<\/td>\n<\/tr>\n<tr>\n<td>CPU<\/td>\n<td>Qualcomm QCM6125, Quad-core ARM Cortex\u2122-A73, 2.0 GHz + Quad-core ARM Cortex\u2122-A53, 1.8 GHz<\/td>\n<\/tr>\n<tr>\n<td>GPU<\/td>\n<td>Adreno\u2122 610<\/td>\n<\/tr>\n<tr>\n<td>ROM<\/td>\n<td>8 GB de RAM LPDDR4 + 128 GB de ROM UFS<\/td>\n<\/tr>\n<tr>\n<td>Frequ\u00eancia de WIFI<\/td>\n<td>802.11 a\/b\/g\/n\/ac, 2.4G+5G<\/td>\n<\/tr>\n<tr>\n<td>Vers\u00e3o de Bluetooth<\/td>\n<td>4.2 BLE + 5.0 BLE<\/td>\n<\/tr>\n<tr>\n<td>Entrada de Energia<\/td>\n<td>5V \u00b1 0.2V 1.0A<\/td>\n<\/tr>\n<tr>\n<td>Consumo de Energia<\/td>\n<td>3W<\/td>\n<\/tr>\n<tr>\n<td>Resolu\u00e7\u00e3o<\/td>\n<td>Adaptativa (mant\u00e9m a resolu\u00e7\u00e3o do protocolo original)<\/td>\n<\/tr>\n<tr>\n<td>Sistema Operativo do Telem\u00f3vel<\/td>\n<td>CarPlay (iPhone 6 e superior \/ iOS 10.0 e superior);<br \/>\nAndroid Auto sem fios (telem\u00f3veis Android com Android 10.0 e superior)<\/td>\n<\/tr>\n<tr>\n<td>Sistema Operativo do Autom\u00f3vel<\/td>\n<td>Compat\u00edvel com CarPlay<\/td>\n<\/tr>\n<\/tbody>\n<\/table>\n<p>&nbsp;<\/p>\n<p><img loading=\"lazy\" decoding=\"async\" class=\"alignnone wp-image-347\" src=\"https:\/\/loja.tectur.pt\/wp-content\/uploads\/2022\/12\/S269aeba2577e4751b3b41a496e5b3547Z-217x300.webp\" alt=\"\" width=\"414\" height=\"572\" srcset=\"https:\/\/loja.tectur.pt\/wp-content\/uploads\/2022\/12\/S269aeba2577e4751b3b41a496e5b3547Z-217x300.webp 217w, https:\/\/loja.tectur.pt\/wp-content\/uploads\/2022\/12\/S269aeba2577e4751b3b41a496e5b3547Z-741x1024.webp 741w, https:\/\/loja.tectur.pt\/wp-content\/uploads\/2022\/12\/S269aeba2577e4751b3b41a496e5b3547Z-768x1061.webp 768w, https:\/\/loja.tectur.pt\/wp-content\/uploads\/2022\/12\/S269aeba2577e4751b3b41a496e5b3547Z-530x732.webp 530w, https:\/\/loja.tectur.pt\/wp-content\/uploads\/2022\/12\/S269aeba2577e4751b3b41a496e5b3547Z.webp 1000w\" sizes=\"auto, (max-width: 414px) 100vw, 414px\" \/> <img loading=\"lazy\" decoding=\"async\" class=\"alignnone wp-image-346\" src=\"https:\/\/loja.tectur.pt\/wp-content\/uploads\/2022\/12\/S0a6b604d2dad43ec850d3e9c37ee00bb8-300x268.webp\" alt=\"\" width=\"413\" height=\"369\" srcset=\"https:\/\/loja.tectur.pt\/wp-content\/uploads\/2022\/12\/S0a6b604d2dad43ec850d3e9c37ee00bb8-300x268.webp 300w, https:\/\/loja.tectur.pt\/wp-content\/uploads\/2022\/12\/S0a6b604d2dad43ec850d3e9c37ee00bb8-768x686.webp 768w, https:\/\/loja.tectur.pt\/wp-content\/uploads\/2022\/12\/S0a6b604d2dad43ec850d3e9c37ee00bb8-530x473.webp 530w, https:\/\/loja.tectur.pt\/wp-content\/uploads\/2022\/12\/S0a6b604d2dad43ec850d3e9c37ee00bb8.webp 1000w\" sizes=\"auto, (max-width: 413px) 100vw, 413px\" \/><\/p>\n","protected":false},"excerpt":{"rendered":"<p>Box Android sem instala\u00e7\u00f5es complicadas e n\u00e3o muda de r\u00e1dio.<\/p>\n<p>(O radio precisa de ter Carplay)<\/p>\n","protected":false},"featured_media":339,"comment_status":"open","ping_status":"closed","template":"","meta":[],"product_brand":[],"product_cat":[29,17,15],"product_tag":[],"class_list":{"0":"post-338","1":"product","2":"type-product","3":"status-publish","4":"has-post-thumbnail","6":"product_cat-tabnav","7":"product_cat-navegacao-tt","8":"product_cat-varios","9":"product_shipping_class-leve","11":"first","12":"onbackorder","13":"taxable","14":"shipping-taxable","15":"purchasable","16":"product-type-simple"},"jetpack_sharing_enabled":true,"jetpack_likes_enabled":true,"_links":{"self":[{"href":"https:\/\/loja.tectur.pt\/index.php?rest_route=\/wp\/v2\/product\/338","targetHints":{"allow":["GET"]}}],"collection":[{"href":"https:\/\/loja.tectur.pt\/index.php?rest_route=\/wp\/v2\/product"}],"about":[{"href":"https:\/\/loja.tectur.pt\/index.php?rest_route=\/wp\/v2\/types\/product"}],"replies":[{"embeddable":true,"href":"https:\/\/loja.tectur.pt\/index.php?rest_route=%2Fwp%2Fv2%2Fcomments&post=338"}],"wp:featuredmedia":[{"embeddable":true,"href":"https:\/\/loja.tectur.pt\/index.php?rest_route=\/wp\/v2\/media\/339"}],"wp:attachment":[{"href":"https:\/\/loja.tectur.pt\/index.php?rest_route=%2Fwp%2Fv2%2Fmedia&parent=338"}],"wp:term":[{"taxonomy":"product_brand","embeddable":true,"href":"https:\/\/loja.tectur.pt\/index.php?rest_route=%2Fwp%2Fv2%2Fproduct_brand&post=338"},{"taxonomy":"product_cat","embeddable":true,"href":"https:\/\/loja.tectur.pt\/index.php?rest_route=%2Fwp%2Fv2%2Fproduct_cat&post=338"},{"taxonomy":"product_tag","embeddable":true,"href":"https:\/\/loja.tectur.pt\/index.php?rest_route=%2Fwp%2Fv2%2Fproduct_tag&post=338"}],"curies":[{"name":"wp","href":"https:\/\/api.w.org\/{rel}","templated":true}]}}