{"id":367,"date":"2023-03-21T20:11:08","date_gmt":"2023-03-21T20:11:08","guid":{"rendered":"https:\/\/loja.tectur.pt\/?post_type=product&#038;p=367"},"modified":"2026-01-25T13:58:16","modified_gmt":"2026-01-25T13:58:16","slug":"navegacao-off-road-nav-4-rugged-4g","status":"publish","type":"product","link":"https:\/\/loja.tectur.pt\/?product=navegacao-off-road-nav-4-rugged-4g","title":{"rendered":"Navega\u00e7\u00e3o Off Road Nav 4 Rugged 4G &#8211; Nova vers\u00e3o"},"content":{"rendered":"<h2>Tablet Nav4 rugged com ecr\u00e3 de 8 polegadas com resolu\u00e7\u00e3o HD em cinzento<\/h2>\n<p><strong>Ecr\u00e3 de 8&#8243; &#8211; Resolu\u00e7\u00e3o HD &#8211; Triplo certificado de resist\u00eancia &#8211; Processador MediaTek Helio P22 &#8211; 4GB de RAM &#8211; 64GB de capacidade &#8211; Dupla c\u00e2mara principal de 16 Mpx &#8211; 4G &#8211; Bateria de 5150 mAh &#8211; Cinzento<\/strong><\/p>\n<p>O\u00a0<strong>tablet rugged <\/strong>\u00e9 um modelo compacto mas com um\u00a0<strong>ecr\u00e3 de 8 polegadas\u00a0<\/strong>com prote\u00e7\u00e3o contra riscos. Tem uma\u00a0<strong>resolu\u00e7\u00e3o HD de 1280 x 800 px<\/strong>, com um r\u00e1cio de aspecto de 14,4:9 e um brilho t\u00edpico de 400 nits, permitindo ver as imagens mesmo sob luz solar intensa. Tem altifalantes est\u00e9reo. Tudo isto com uma <strong>gama de cores de 16,7 milh\u00f5es de cores<\/strong>.<\/p>\n<h3>Triplo certificado de resist\u00eancia<\/h3>\n<p>Este tablet \u00e9 um modelo resistente com\u00a0<strong>certificados de resist\u00eancia IP68, IP69K e MIL-STD-810H*<\/strong>. Com eles, este tablet resistir\u00e1 a golpes, quedas e vibra\u00e7\u00f5es, al\u00e9m de ser resistente \u00e0 \u00e1gua e ao p\u00f3. At\u00e9 a temperaturas elevadas n\u00e3o ir\u00e3o prejudicar este modelo.<\/p>\n<div>*Os padr\u00f5es IPXX (67-68) s\u00e3o estabelecidos em base nos testes feitos no laborat\u00f3rio e num lugar controlado, com imers\u00f5es em \u00e1gua doce \u00e0 temperatura ambiente durante um tempo determinado. Recomendamos n\u00e3o mergulhar o aparelho em \u00e1gua salgada, clorada, quente e\/ou outros l\u00edquidos que possam ser corrosivos, assim como o suor, que pode afetar a sua veda\u00e7\u00e3o. Para uma manuten\u00e7\u00e3o adequada, caso o dispositivo entre em contato com estes produtos, limpe-o com \u00e1gua doce imediatamente.<\/div>\n<h3><\/h3>\n<h3>Bateria de 5150 mAh<\/h3>\n<p>No seu interior,<strong>\u00a0<\/strong>integra uma enorme\u00a0<strong>bateria de 5150 mAh<\/strong>, que ser\u00e1 carregada atrav\u00e9s de um conector USB tipo C. Permite o carregamento de outros dispositivos e d\u00e1-lhe um tempo de utiliza\u00e7\u00e3o at\u00e9 20 dias em standby.<\/p>\n<h3>Processador de oito n\u00facleos com 64 GB de capacidade<\/h3>\n<p>Sobre a sua pot\u00eancia, tem um poderoso\u00a0<strong>processador MediaTek Helio P22 de oito n\u00facleos<\/strong>, com n\u00facleos ARM Cortex-A53, com uma\u00a0<strong>mem\u00f3ria RAM de 4GB\u00a0<\/strong>e uma\u00a0<strong>capacidade de armazenamento de 64GB<\/strong>. Para os poder expandir, disp\u00f5e de um espa\u00e7o para cart\u00f5es SD de 32 GB (Inclu\u00eddo)<\/p>\n<h3>Dupla c\u00e2mara principal de 16 Mpx e frontal de 8 Mpx<\/h3>\n<p>Em termos de c\u00e2maras, este modelo tem uma\u00a0<strong>dupla c\u00e2mara principal\u00a0<\/strong>composta por uma lente principal Sony IMX519 de 16 Mpx de qualidade e \u00e9 acompanhada por uma lente macro, o que aumenta a defini\u00e7\u00e3o a curtas dist\u00e2ncias. Como um sensor frontal, integra uma lente de 8 MPx.<\/p>\n<h3>Android 12 e redes 4G<\/h3>\n<p>Por \u00faltimo, est\u00e1 equipado com o\u00a0<strong>sistema operacional Android 12<\/strong>, a \u00faltima vers\u00e3o do sistema do Google com melhor personaliza\u00e7\u00e3o e prote\u00e7\u00e3o dos dados dos utilizadores. Este tablet tamb\u00e9m tem conectividade de <strong>rede 4G<\/strong>.<\/p>\n<p>&nbsp;<\/p>\n<h2 style=\"text-align: center;\"><strong><u>Aplica\u00e7\u00f5es Pr\u00e9-instaladas e completamente configuradas<\/u><\/strong><strong><u>:<\/u><\/strong><\/h2>\n<p><strong>Launcher para Autom\u00f3vel (ecr\u00e3 simplificado e ajustado para condu\u00e7\u00e3o)<\/strong><\/p>\n<p><strong>LocusMap totalmente configurado (com mapas Offline)<\/strong><\/p>\n<p><strong>OsmAnd+ totalmente configurado (com mapas Offline)<\/strong><\/p>\n<p><strong>HERE We go (com mapas offline)<\/strong><\/p>\n<p><strong>iOverlander<\/strong><\/p>\n<p><strong>Park4night<\/strong><\/p>\n<p><strong>Wase<\/strong><\/p>\n<p><strong>Google Maps<\/strong><\/p>\n<p><strong><u>Mapas Offline:<\/u><\/strong><\/p>\n<p><b>Nas aplica\u00e7\u00f5es que d\u00e1, ir\u00e1 mapas que n\u00e3o necessitam de internet para serem usados (offline) de Portugal,\u00a0 Espanha, Marrocos e Maurit\u00e2nia, se quiser mais pa\u00edses por favor a quando da compra enviar por correio eletr\u00f3nico para <\/b><a href=\"mailto:Tectur@tectur.pt\"><strong>Tectur@tectur.pt<\/strong><\/a><strong> a referir os pa\u00edses que quer (sem custos).<\/strong><\/p>\n<h2>Especifica\u00e7\u00f5es t\u00e9cnicas<\/h2>\n<ul>\n<li>\n<h3><img decoding=\"async\" src=\"https:\/\/www.powerplanetonline.com\/cdnassets\/icons\/sistema.png\" alt=\"Icono sistema\" \/>SISTEMA<\/h3>\n<ul>\n<li class=\"row_li\">\n<ul>\n<li>Sistema operacional:<\/li>\n<li>Android 14<\/li>\n<\/ul>\n<\/li>\n<li class=\"row_li\">\n<ul>\n<li>Processador<\/li>\n<li>Octa Core, MediaTek G81 2x 2.0 GHz ARM Cortex-A75, 6x 1.8 GHz ARM Cortex-A55 a 4 GHz<\/li>\n<\/ul>\n<\/li>\n<li class=\"row_li\">\n<ul>\n<li>Gr\u00e1ficos:<\/li>\n<li>Mali-G52 MP2<\/li>\n<\/ul>\n<\/li>\n<li class=\"row_li\">\n<ul>\n<li>RAM:<\/li>\n<li>4 GB<\/li>\n<\/ul>\n<\/li>\n<li class=\"row_li\">\n<ul>\n<li>Mem\u00f3ria interna:<\/li>\n<li id=\"memoriaSD\">128 GB Expans\u00edvel atrav\u00e9s SD at\u00e9 1 TB<\/li>\n<\/ul>\n<\/li>\n<li class=\"row_li\">\n<ul>\n<li>Cart\u00e3o SD:<\/li>\n<li>Sim microSD, microSDHC, microSDXC<\/li>\n<\/ul>\n<\/li>\n<li class=\"row_li\">\n<ul>\n<li>SIM:<\/li>\n<li>DualSim<\/li>\n<\/ul>\n<\/li>\n<li class=\"row_li\">\n<ul>\n<li>Tipo de cart\u00e3o:<\/li>\n<li>Nano SIM \/ Nano SIM<\/li>\n<\/ul>\n<\/li>\n<li class=\"row_li\">\n<ul>\n<li>Idioma:<\/li>\n<li>Multi linguagem (Inclui Espanhol e Portugu\u00eas)<\/li>\n<\/ul>\n<\/li>\n<li class=\"row_li\">\n<ul>\n<li><span id=\"_006_2\">Play Store:<\/span><\/li>\n<li>Sim<\/li>\n<\/ul>\n<\/li>\n<\/ul>\n<\/li>\n<li>\n<h3><img decoding=\"async\" src=\"https:\/\/www.powerplanetonline.com\/cdnassets\/icons\/pantalla.png\" alt=\"icono de pantalla\" \/>ECR\u00c3<\/h3>\n<ul>\n<li class=\"row_li\">\n<ul>\n<li>Caracter\u00edsticas:<\/li>\n<li>8&#8243; LCD IPS<\/li>\n<\/ul>\n<\/li>\n<li class=\"row_li\">\n<ul>\n<li>Defini\u00e7\u00e3o:<\/li>\n<li>HD<\/li>\n<\/ul>\n<\/li>\n<li class=\"row_li\">\n<ul>\n<li>Resolu\u00e7\u00e3o:<\/li>\n<li>800 x 1280 pixels<\/li>\n<\/ul>\n<\/li>\n<li class=\"row_li\">\n<ul>\n<li>Densidade:<\/li>\n<li>188 ppi<\/li>\n<\/ul>\n<\/li>\n<li class=\"row_li\">\n<ul>\n<li>Cores:<\/li>\n<li>16,7 milh\u00f5es (t\u00edpico)<\/li>\n<\/ul>\n<\/li>\n<li class=\"row_li\">\n<ul>\n<li>Brilho:<\/li>\n<li>400 nits<\/li>\n<\/ul>\n<\/li>\n<li class=\"row_li\">\n<ul>\n<li>Certificado:<\/li>\n<li>IP68, IP69K e MIL-STD-810H<\/li>\n<\/ul>\n<\/li>\n<\/ul>\n<\/li>\n<li>\n<h3><img decoding=\"async\" src=\"https:\/\/www.powerplanetonline.com\/cdnassets\/icons\/camara.png\" alt=\"icono de c\u00e1mara\" \/>C\u00c2MARA<\/h3>\n<ul>\n<li class=\"row_li\">\n<ul>\n<li>C\u00e2mara frontal:<\/li>\n<li>8 MP &#8211; f\/2.2. Sensor Sony IMX314<\/li>\n<\/ul>\n<\/li>\n<li class=\"row_li\">\n<ul>\n<li>C\u00e2mara traseira:<\/li>\n<li>16 MP &#8211; f\/1.8. Sensor Sony IMX519 Dual C\u00e2mara<\/li>\n<\/ul>\n<\/li>\n<li class=\"row_li\">\n<ul>\n<li><span id=\"_045\">Flash<\/span>:<\/li>\n<li>Sim LED<\/li>\n<\/ul>\n<\/li>\n<li class=\"row_li\">\n<ul>\n<li>Segunda c\u00e2mara:<\/li>\n<li>0.3 Mpx<\/li>\n<\/ul>\n<\/li>\n<\/ul>\n<\/li>\n<li>\n<h3><img decoding=\"async\" src=\"https:\/\/www.powerplanetonline.com\/cdnassets\/icons\/formatos.png\" alt=\"Icono formatos soportados\" \/>FORMATOS SUPORTADOS<\/h3>\n<ul>\n<li class=\"row_li\">\n<ul>\n<li>\u00c1udio:<\/li>\n<li>AAC, AMR \/ AMR-NB \/ GSM-AMR, M4A, MP3, MKA<\/li>\n<\/ul>\n<\/li>\n<li class=\"row_li\">\n<ul>\n<li>V\u00eddeo:<\/li>\n<li>AVI, MKV, MP4, WMV, RMVB, MOV, ASF, RM,<\/li>\n<\/ul>\n<\/li>\n<li class=\"row_li\">\n<ul>\n<li>Imagens:<\/li>\n<li>gif, jpeg, png, bmp<\/li>\n<\/ul>\n<\/li>\n<\/ul>\n<\/li>\n<li>\n<h3><img decoding=\"async\" src=\"https:\/\/www.powerplanetonline.com\/cdnassets\/icons\/sensores.png\" alt=\"Icono sensores\" \/>SENSORES<\/h3>\n<ul>\n<li class=\"row_li\">\n<ul>\n<li>Aceler\u00f3metro:<\/li>\n<li>Sim<\/li>\n<\/ul>\n<\/li>\n<li class=\"row_li\">\n<ul>\n<li>Girosc\u00f3pio:<\/li>\n<li>Sim<\/li>\n<\/ul>\n<\/li>\n<li class=\"row_li\">\n<ul>\n<li>Proximidade:<\/li>\n<li>Sim<\/li>\n<\/ul>\n<\/li>\n<li class=\"row_li\">\n<ul>\n<li>Luz:<\/li>\n<li>Sim<\/li>\n<\/ul>\n<\/li>\n<\/ul>\n<\/li>\n<li>\n<h3><img decoding=\"async\" src=\"https:\/\/www.powerplanetonline.com\/cdnassets\/icons\/conectividad.png\" alt=\"Icono conectividad\" \/>CONECTIVIDADE<\/h3>\n<ul>\n<li class=\"row_li\">\n<ul>\n<li>Redes 2G (GSM):<\/li>\n<li>850-900-1800-1900 MHz<\/li>\n<\/ul>\n<\/li>\n<li class=\"row_li\">\n<ul>\n<li>Redes 3G (WCDMA):<\/li>\n<li>900-2100 MHz<\/li>\n<\/ul>\n<\/li>\n<li class=\"row_li\">\n<ul>\n<li>Redes 4G (LTE):<\/li>\n<li>800-850-900-1800-2100-2600<\/li>\n<\/ul>\n<\/li>\n<li class=\"row_li\">\n<ul>\n<li>Wifi:<\/li>\n<li>a, b, g, n, n 5GHz, ac, Dual band, Wi-Fi Hotspot, Wi-Fi Direct, Wi-Fi Display<\/li>\n<\/ul>\n<\/li>\n<li class=\"row_li\">\n<ul>\n<li>Bluetooth:<\/li>\n<li>5.3<\/li>\n<\/ul>\n<\/li>\n<li class=\"row_li\">\n<ul>\n<li>Radio FM:<\/li>\n<li>N\u00e3o<\/li>\n<\/ul>\n<\/li>\n<li class=\"row_li\">\n<ul>\n<li>GPS:<\/li>\n<li>GPS, A-GPS, GLONASS, BeiDou, Galileo<\/li>\n<\/ul>\n<\/li>\n<li class=\"row_li\">\n<ul>\n<li>Desbloqueado de f\u00e1brica:<\/li>\n<li>Sim<\/li>\n<\/ul>\n<\/li>\n<li class=\"row_li\">\n<ul>\n<li>Quadband:<\/li>\n<li>Sim<\/li>\n<\/ul>\n<\/li>\n<li class=\"row_li\">\n<ul>\n<li>USB:<\/li>\n<li>USB Tipo C<\/li>\n<\/ul>\n<\/li>\n<li class=\"row_li\">\n<ul>\n<li>NFC:<\/li>\n<li>N\u00e3o<\/li>\n<\/ul>\n<\/li>\n<\/ul>\n<\/li>\n<li id=\"before\">\n<h3><img decoding=\"async\" src=\"https:\/\/www.powerplanetonline.com\/cdnassets\/icons\/dimensiones.png\" alt=\"Icono dimensiones\" \/>DIMENS\u00d5ES<\/h3>\n<ul>\n<li class=\"row_li\">\n<ul>\n<li>Polegadas:<\/li>\n<li>8 &#8220;<\/li>\n<\/ul>\n<\/li>\n<li class=\"row_li\">\n<ul>\n<li>Tamanho:<\/li>\n<li>133.63 x 206.47 x 13.72 mm<\/li>\n<\/ul>\n<\/li>\n<li class=\"row_li\">\n<ul>\n<li>Peso:<\/li>\n<li>524 g<\/li>\n<\/ul>\n<\/li>\n<li class=\"row_li\">\n<ul>\n<li>Cor:<\/li>\n<li>Cinzento<\/li>\n<\/ul>\n<\/li>\n<\/ul>\n<\/li>\n<li>\n<h3><img decoding=\"async\" src=\"https:\/\/www.powerplanetonline.com\/cdnassets\/icons\/bateria.png\" alt=\"Icono bater\u00eda\" \/>BATERIA<\/h3>\n<ul>\n<li class=\"row_li\">\n<ul>\n<li>Capacidade:<\/li>\n<li>5150 mAh<\/li>\n<\/ul>\n<\/li>\n<li class=\"row_li\">\n<ul>\n<li>Carregamento reverso:<\/li>\n<li>5V\/2A<\/li>\n<\/ul>\n<\/li>\n<li class=\"row_li\">\n<ul>\n<li>Tempo de uso:<\/li>\n<li>At\u00e9 15 horas<\/li>\n<\/ul>\n<\/li>\n<\/ul>\n<\/li>\n<\/ul>\n","protected":false},"excerpt":{"rendered":"<h3><b>Procura um equipamento resistente e que aguente at\u00e9 as suas viagens ou passeios mais exigentes?<\/b><\/h3>\n<p>Gama de sistemas de navega\u00e7\u00e3o Tectur de atividades outdoor com exposi\u00e7\u00e3o \u00e1s condi\u00e7\u00f5es climat\u00e9ricas.<\/p>\n<p>*Quando dispon\u00edvel por encomenda poder\u00e1 demorar 5 &#8211; 15 dias a chegar<\/p>\n","protected":false},"featured_media":368,"comment_status":"open","ping_status":"closed","template":"","meta":[],"product_brand":[],"product_cat":[29,17],"product_tag":[],"class_list":{"0":"post-367","1":"product","2":"type-product","3":"status-publish","4":"has-post-thumbnail","6":"product_cat-tabnav","7":"product_cat-navegacao-tt","8":"product_shipping_class-leve","10":"first","11":"onbackorder","12":"taxable","13":"shipping-taxable","14":"purchasable","15":"product-type-simple"},"jetpack_sharing_enabled":true,"jetpack_likes_enabled":true,"_links":{"self":[{"href":"https:\/\/loja.tectur.pt\/index.php?rest_route=\/wp\/v2\/product\/367","targetHints":{"allow":["GET"]}}],"collection":[{"href":"https:\/\/loja.tectur.pt\/index.php?rest_route=\/wp\/v2\/product"}],"about":[{"href":"https:\/\/loja.tectur.pt\/index.php?rest_route=\/wp\/v2\/types\/product"}],"replies":[{"embeddable":true,"href":"https:\/\/loja.tectur.pt\/index.php?rest_route=%2Fwp%2Fv2%2Fcomments&post=367"}],"wp:featuredmedia":[{"embeddable":true,"href":"https:\/\/loja.tectur.pt\/index.php?rest_route=\/wp\/v2\/media\/368"}],"wp:attachment":[{"href":"https:\/\/loja.tectur.pt\/index.php?rest_route=%2Fwp%2Fv2%2Fmedia&parent=367"}],"wp:term":[{"taxonomy":"product_brand","embeddable":true,"href":"https:\/\/loja.tectur.pt\/index.php?rest_route=%2Fwp%2Fv2%2Fproduct_brand&post=367"},{"taxonomy":"product_cat","embeddable":true,"href":"https:\/\/loja.tectur.pt\/index.php?rest_route=%2Fwp%2Fv2%2Fproduct_cat&post=367"},{"taxonomy":"product_tag","embeddable":true,"href":"https:\/\/loja.tectur.pt\/index.php?rest_route=%2Fwp%2Fv2%2Fproduct_tag&post=367"}],"curies":[{"name":"wp","href":"https:\/\/api.w.org\/{rel}","templated":true}]}}