{"id":390,"date":"2023-04-07T23:55:42","date_gmt":"2023-04-07T23:55:42","guid":{"rendered":"https:\/\/loja.tectur.pt\/?post_type=product&#038;p=390"},"modified":"2023-04-08T00:27:43","modified_gmt":"2023-04-08T00:27:43","slug":"suporte-ram-mount-tab-tite-com-mola-tab-7-a-8","status":"publish","type":"product","link":"https:\/\/loja.tectur.pt\/?product=suporte-ram-mount-tab-tite-com-mola-tab-7-a-8","title":{"rendered":"Suporte Ram Mount Tab-Tite com mola &#8211; TAb 7&#8243; a 8&#8243; e Nav4 Rugged"},"content":{"rendered":"<p>Suporte com encaixe e base de mola<\/p>\n<p>Bases de esferas redondas RAM\u00ae tamanho B e C para fixa\u00e7\u00e3o de um bra\u00e7o de encaixe duplo<\/p>\n<p>Feito de comp\u00f3sitos de alta resist\u00eancia para durabilidade e confiabilidade nos ambientes mais exigentes<\/p>\n<p>Este design com mola facilita o encaixe de desencaixe do seu tablet, al\u00e9m de mant\u00ea-lo seguro em movimento. As extremidades do suporte s\u00e3o projetadas para otimizar a funcionalidade do seu tablet, permitindo acesso a conectores de \u00e1udio, usb, energia e outras portas, seu tablet pode ser usado exatamente como pretendido.<\/p>\n<p>Perfeito para aplica\u00e7\u00f5es estacion\u00e1rias ou m\u00f3veis, este novo produto RAM \u00e9 exatamente o que voc\u00ea precisa para tirar o m\u00e1ximo proveito do seu tablet.<\/p>\n<p>A placa traseira inclu\u00edda \u00e9 intercambi\u00e1vel com copos de suporte de v\u00e1rios tamanhos, tornando-a compat\u00edvel com v\u00e1rios modelos de tablet.<\/p>\n<p>Est\u00e1 inclu\u00eddo um conjunto de quatro porcas e parafusos para conectar o ber\u00e7o a quaisquer componentes ou montagens de RAM que contenham o padr\u00e3o de orif\u00edcio universal AMPs.<\/p>\n<p>A base Tab-Tite\u2122 \u00e9 compat\u00edvel com qualquer tablet que se encaixe nas dimens\u00f5es listadas abaixo. \u00c9 importante verificar as dimens\u00f5es do seu tablet ao determinar o tamanho geral.<\/p>\n<p>Altura: 7,375&#8243; &#8211; 10&#8243;<br \/>\nLargura: 4&#8243; &#8211; 5,31&#8243;<br \/>\nProfundidade: 0,13&#8243; &#8211; 1,06&#8243;<\/p>\n<p>Inclui:<\/p>\n<ul>\n<li>Suporte Tab-Tite<\/li>\n<li>Bra\u00e7o e Ventosa<\/li>\n<\/ul>\n","protected":false},"excerpt":{"rendered":"<p>Suporte de Ventosa Ram Mounts<\/p>\n<p>Tablets de 7&#8243; a 8&#8243;<\/p>\n<p>*Quando dispon\u00edvel por encomenda poder\u00e1 demorar 5 -15 dias a chegar<\/p>\n","protected":false},"featured_media":391,"comment_status":"open","ping_status":"closed","template":"","meta":[],"product_brand":[],"product_cat":[17,28],"product_tag":[],"class_list":{"0":"post-390","1":"product","2":"type-product","3":"status-publish","4":"has-post-thumbnail","6":"product_cat-navegacao-tt","7":"product_cat-ram","8":"product_shipping_class-medio","10":"first","11":"onbackorder","12":"taxable","13":"shipping-taxable","14":"purchasable","15":"product-type-simple"},"jetpack_sharing_enabled":true,"jetpack_likes_enabled":true,"_links":{"self":[{"href":"https:\/\/loja.tectur.pt\/index.php?rest_route=\/wp\/v2\/product\/390","targetHints":{"allow":["GET"]}}],"collection":[{"href":"https:\/\/loja.tectur.pt\/index.php?rest_route=\/wp\/v2\/product"}],"about":[{"href":"https:\/\/loja.tectur.pt\/index.php?rest_route=\/wp\/v2\/types\/product"}],"replies":[{"embeddable":true,"href":"https:\/\/loja.tectur.pt\/index.php?rest_route=%2Fwp%2Fv2%2Fcomments&post=390"}],"wp:featuredmedia":[{"embeddable":true,"href":"https:\/\/loja.tectur.pt\/index.php?rest_route=\/wp\/v2\/media\/391"}],"wp:attachment":[{"href":"https:\/\/loja.tectur.pt\/index.php?rest_route=%2Fwp%2Fv2%2Fmedia&parent=390"}],"wp:term":[{"taxonomy":"product_brand","embeddable":true,"href":"https:\/\/loja.tectur.pt\/index.php?rest_route=%2Fwp%2Fv2%2Fproduct_brand&post=390"},{"taxonomy":"product_cat","embeddable":true,"href":"https:\/\/loja.tectur.pt\/index.php?rest_route=%2Fwp%2Fv2%2Fproduct_cat&post=390"},{"taxonomy":"product_tag","embeddable":true,"href":"https:\/\/loja.tectur.pt\/index.php?rest_route=%2Fwp%2Fv2%2Fproduct_tag&post=390"}],"curies":[{"name":"wp","href":"https:\/\/api.w.org\/{rel}","templated":true}]}}