{"id":394,"date":"2023-04-08T00:09:03","date_gmt":"2023-04-08T00:09:03","guid":{"rendered":"https:\/\/loja.tectur.pt\/?post_type=product&#038;p=394"},"modified":"2023-04-08T00:09:03","modified_gmt":"2023-04-08T00:09:03","slug":"suporte-de-ventosa-ram-mounts-smartphone-xl","status":"publish","type":"product","link":"https:\/\/loja.tectur.pt\/?product=suporte-de-ventosa-ram-mounts-smartphone-xl","title":{"rendered":"Suporte de Ventosa Ram Mounts SmartPhone XL"},"content":{"rendered":"<p>O suporte com mola possui suportes laterais ajust\u00e1veis que fornecem um ajuste seguro para uma variedade de telefones grandes e outros dispositivos; insira e remova facilmente seu telefone com uma m\u00e3o<\/p>\n<p>As esferas de borracha RAM\u00ae de tamanho B de 1&#8243; inclu\u00eddas permitem a conex\u00e3o com qualquer bra\u00e7o de soquete duplo RAM\u00ae de tamanho B; a tecnologia de esfera e soquete permite ajuste quase infinito (inclu\u00eddo)<\/p>\n<p>Feito de alum\u00ednio de grau mar\u00edtimo revestido a p\u00f3 e composto de alta resist\u00eancia para durabilidade e confiabilidade nos ambientes mais exigentes<\/p>\n<p>Inclui:<\/p>\n<ul>\n<li>Suporte Quick-Grip<\/li>\n<li>Bra\u00e7o com ventosa<\/li>\n<\/ul>\n","protected":false},"excerpt":{"rendered":"<p>Suporte de Ventosa Ram Mounts SmartPhone<\/p>\n<p>*Quando dispon\u00edvel por encomenda poder\u00e1 demorar 5 -15 dias a chegar<\/p>\n","protected":false},"featured_media":395,"comment_status":"open","ping_status":"closed","template":"","meta":[],"product_brand":[],"product_cat":[17,28],"product_tag":[],"class_list":{"0":"post-394","1":"product","2":"type-product","3":"status-publish","4":"has-post-thumbnail","6":"product_cat-navegacao-tt","7":"product_cat-ram","8":"product_shipping_class-leve","10":"first","11":"onbackorder","12":"taxable","13":"shipping-taxable","14":"purchasable","15":"product-type-simple"},"jetpack_sharing_enabled":true,"jetpack_likes_enabled":true,"_links":{"self":[{"href":"https:\/\/loja.tectur.pt\/index.php?rest_route=\/wp\/v2\/product\/394","targetHints":{"allow":["GET"]}}],"collection":[{"href":"https:\/\/loja.tectur.pt\/index.php?rest_route=\/wp\/v2\/product"}],"about":[{"href":"https:\/\/loja.tectur.pt\/index.php?rest_route=\/wp\/v2\/types\/product"}],"replies":[{"embeddable":true,"href":"https:\/\/loja.tectur.pt\/index.php?rest_route=%2Fwp%2Fv2%2Fcomments&post=394"}],"wp:featuredmedia":[{"embeddable":true,"href":"https:\/\/loja.tectur.pt\/index.php?rest_route=\/wp\/v2\/media\/395"}],"wp:attachment":[{"href":"https:\/\/loja.tectur.pt\/index.php?rest_route=%2Fwp%2Fv2%2Fmedia&parent=394"}],"wp:term":[{"taxonomy":"product_brand","embeddable":true,"href":"https:\/\/loja.tectur.pt\/index.php?rest_route=%2Fwp%2Fv2%2Fproduct_brand&post=394"},{"taxonomy":"product_cat","embeddable":true,"href":"https:\/\/loja.tectur.pt\/index.php?rest_route=%2Fwp%2Fv2%2Fproduct_cat&post=394"},{"taxonomy":"product_tag","embeddable":true,"href":"https:\/\/loja.tectur.pt\/index.php?rest_route=%2Fwp%2Fv2%2Fproduct_tag&post=394"}],"curies":[{"name":"wp","href":"https:\/\/api.w.org\/{rel}","templated":true}]}}