{"id":402,"date":"2023-04-08T00:25:25","date_gmt":"2023-04-08T00:25:25","guid":{"rendered":"https:\/\/loja.tectur.pt\/?post_type=product&#038;p=402"},"modified":"2023-04-08T11:32:29","modified_gmt":"2023-04-08T11:32:29","slug":"suporte-ram-mounts-com-ventosa-samsung-a7-lite-e-nav1","status":"publish","type":"product","link":"https:\/\/loja.tectur.pt\/?product=suporte-ram-mounts-com-ventosa-samsung-a7-lite-e-nav1","title":{"rendered":"Suporte Ram Mounts Com ventosa Samsung A7 Lite e Nav1"},"content":{"rendered":"<p>O suporte com mola protege os Tablets Samsung A7 Lite (Naveg\u00e3o Off-Road Nav 1)<\/p>\n<p>Compat\u00edvel com bases de esferas redondas RAM\u00ae tamanho B e C para fixa\u00e7\u00e3o de um bra\u00e7o de encaixe duplo; A tecnologia de esfera e soquete permite ajuste quase infinito<\/p>\n<p>Feito de comp\u00f3sitos de alta resist\u00eancia para durabilidade e confiabilidade nos ambientes mais exigentes<\/p>\n<p>O ber\u00e7o RAM\u00ae Tab-Tite\u2122 carregado por mola e de libera\u00e7\u00e3o r\u00e1pida oferece um ajuste seguro com f\u00e1cil acesso ao tablet montado. As extremidades dos copos intercambi\u00e1veis s\u00e3o projetadas especificamente para o Samsung Galaxy Tab A7 Lite. O design com mola facilita a inser\u00e7\u00e3o e remo\u00e7\u00e3o do tablet, al\u00e9m de mant\u00ea-lo seguro em aplicativos m\u00f3veis. As tampas personalizadas foram projetadas para otimizar a funcionalidade do seu tablet, permitindo o acesso a todas as portas e fun\u00e7\u00f5es do tablet.<\/p>\n<p>A placa traseira inclu\u00edda \u00e9 intercambi\u00e1vel com copos de suporte de v\u00e1rios tamanhos, tornando-a compat\u00edvel com v\u00e1rios modelos de tablet.<\/p>\n<p>Est\u00e1 inclu\u00eddo um conjunto de quatro porcas e parafusos para conectar o ber\u00e7o a quaisquer componentes ou montagens de RAM que contenham o padr\u00e3o de orif\u00edcio universal AMPs.<\/p>\n<p>Inclui:<\/p>\n<ul>\n<li>Base Tab-Tite<\/li>\n<li>Bra\u00e7o com Ventosa<\/li>\n<\/ul>\n","protected":false},"excerpt":{"rendered":"<p>Suporte de Ventosa Ram Mounts<\/p>\n<p>Tablets Samsung A7 Lite<\/p>\n<p>*Quando dispon\u00edvel por encomenda poder\u00e1 demorar 5 -15 dias a chegar<\/p>\n","protected":false},"featured_media":403,"comment_status":"open","ping_status":"closed","template":"","meta":[],"product_brand":[],"product_cat":[17,28],"product_tag":[],"class_list":{"0":"post-402","1":"product","2":"type-product","3":"status-publish","4":"has-post-thumbnail","6":"product_cat-navegacao-tt","7":"product_cat-ram","8":"product_shipping_class-medio","10":"first","11":"onbackorder","12":"taxable","13":"shipping-taxable","14":"purchasable","15":"product-type-simple"},"jetpack_sharing_enabled":true,"jetpack_likes_enabled":true,"_links":{"self":[{"href":"https:\/\/loja.tectur.pt\/index.php?rest_route=\/wp\/v2\/product\/402","targetHints":{"allow":["GET"]}}],"collection":[{"href":"https:\/\/loja.tectur.pt\/index.php?rest_route=\/wp\/v2\/product"}],"about":[{"href":"https:\/\/loja.tectur.pt\/index.php?rest_route=\/wp\/v2\/types\/product"}],"replies":[{"embeddable":true,"href":"https:\/\/loja.tectur.pt\/index.php?rest_route=%2Fwp%2Fv2%2Fcomments&post=402"}],"wp:featuredmedia":[{"embeddable":true,"href":"https:\/\/loja.tectur.pt\/index.php?rest_route=\/wp\/v2\/media\/403"}],"wp:attachment":[{"href":"https:\/\/loja.tectur.pt\/index.php?rest_route=%2Fwp%2Fv2%2Fmedia&parent=402"}],"wp:term":[{"taxonomy":"product_brand","embeddable":true,"href":"https:\/\/loja.tectur.pt\/index.php?rest_route=%2Fwp%2Fv2%2Fproduct_brand&post=402"},{"taxonomy":"product_cat","embeddable":true,"href":"https:\/\/loja.tectur.pt\/index.php?rest_route=%2Fwp%2Fv2%2Fproduct_cat&post=402"},{"taxonomy":"product_tag","embeddable":true,"href":"https:\/\/loja.tectur.pt\/index.php?rest_route=%2Fwp%2Fv2%2Fproduct_tag&post=402"}],"curies":[{"name":"wp","href":"https:\/\/api.w.org\/{rel}","templated":true}]}}